{"id":94,"date":"2021-10-09T17:41:17","date_gmt":"2021-10-09T20:41:17","guid":{"rendered":"http:\/\/cimentotupi.com.br\/?page_id=94"},"modified":"2025-02-07T17:22:28","modified_gmt":"2025-02-07T20:22:28","slug":"quem-somos","status":"publish","type":"page","link":"https:\/\/novo.sandramineracao.com.br\/en\/quem-somos\/","title":{"rendered":"Who we are"},"content":{"rendered":"<div data-elementor-type=\"wp-page\" data-elementor-id=\"94\" class=\"elementor elementor-94\">\n\t\t\t\t\t\t<section class=\"elementor-section elementor-top-section elementor-element elementor-element-485668f elementor-section-stretched elementor-section-content-middle elementor-section-boxed elementor-section-height-default elementor-section-height-default\" data-id=\"485668f\" data-element_type=\"section\" data-settings=\"{&quot;stretch_section&quot;:&quot;section-stretched&quot;,&quot;background_background&quot;:&quot;classic&quot;}\">\n\t\t\t\t\t\t<div class=\"elementor-container elementor-column-gap-default\">\n\t\t\t\t\t<div class=\"elementor-column elementor-col-100 elementor-top-column elementor-element elementor-element-ccbc468\" data-id=\"ccbc468\" data-element_type=\"column\">\n\t\t\t<div class=\"elementor-widget-wrap elementor-element-populated\">\n\t\t\t\t\t\t<div class=\"elementor-element elementor-element-019d750 elementor-widget elementor-widget-heading\" data-id=\"019d750\" data-element_type=\"widget\" data-widget_type=\"heading.default\">\n\t\t\t\t<div class=\"elementor-widget-container\">\n\t\t\t\t\t<h1 class=\"elementor-heading-title elementor-size-default\">WHO WE ARE<\/h1>\t\t\t\t<\/div>\n\t\t\t\t<\/div>\n\t\t\t\t\t<\/div>\n\t\t<\/div>\n\t\t\t\t\t<\/div>\n\t\t<\/section>\n\t\t\t\t<section class=\"elementor-section elementor-top-section elementor-element elementor-element-45e3c46 elementor-section-boxed elementor-section-height-default elementor-section-height-default\" data-id=\"45e3c46\" data-element_type=\"section\">\n\t\t\t\t\t\t<div class=\"elementor-container elementor-column-gap-default\">\n\t\t\t\t\t<div class=\"elementor-column elementor-col-33 elementor-top-column elementor-element elementor-element-de5a40d\" data-id=\"de5a40d\" data-element_type=\"column\">\n\t\t\t<div class=\"elementor-widget-wrap elementor-element-populated\">\n\t\t\t\t\t\t<div class=\"elementor-element elementor-element-6cd95fc elementor-position-top elementor-widget elementor-widget-image-box\" data-id=\"6cd95fc\" data-element_type=\"widget\" data-widget_type=\"image-box.default\">\n\t\t\t\t<div class=\"elementor-widget-container\">\n\t\t\t\t\t<div class=\"elementor-image-box-wrapper\"><figure class=\"elementor-image-box-img\"><img fetchpriority=\"high\" decoding=\"async\" width=\"365\" height=\"365\" src=\"https:\/\/novo.sandramineracao.com.br\/wp-content\/uploads\/2025\/02\/rsw_365h_365cg_true.webp\" class=\"attachment-full size-full wp-image-2482\" alt=\"\" srcset=\"https:\/\/novo.sandramineracao.com.br\/wp-content\/uploads\/2025\/02\/rsw_365h_365cg_true.webp 365w, https:\/\/novo.sandramineracao.com.br\/wp-content\/uploads\/2025\/02\/rsw_365h_365cg_true-300x300.webp 300w, https:\/\/novo.sandramineracao.com.br\/wp-content\/uploads\/2025\/02\/rsw_365h_365cg_true-150x150.webp 150w, https:\/\/novo.sandramineracao.com.br\/wp-content\/uploads\/2025\/02\/rsw_365h_365cg_true-12x12.webp 12w\" sizes=\"(max-width: 365px) 100vw, 365px\" \/><\/figure><div class=\"elementor-image-box-content\"><h3 class=\"elementor-image-box-title\">Neg\u00f3cio<\/h3><p class=\"elementor-image-box-description\">A Sandra Minera\u00e7\u00e3o atua no mercado de extra\u00e7\u00e3o e comercializa\u00e7\u00e3o de calc\u00e1rio, oferecendo as melhores solu\u00e7\u00f5es a seus clientes. <\/p><\/div><\/div>\t\t\t\t<\/div>\n\t\t\t\t<\/div>\n\t\t\t\t\t<\/div>\n\t\t<\/div>\n\t\t\t\t<div class=\"elementor-column elementor-col-33 elementor-top-column elementor-element elementor-element-d857fd3\" data-id=\"d857fd3\" data-element_type=\"column\">\n\t\t\t<div class=\"elementor-widget-wrap elementor-element-populated\">\n\t\t\t\t\t\t<div class=\"elementor-element elementor-element-e1a2a5d elementor-position-top elementor-widget elementor-widget-image-box\" data-id=\"e1a2a5d\" data-element_type=\"widget\" data-widget_type=\"image-box.default\">\n\t\t\t\t<div class=\"elementor-widget-container\">\n\t\t\t\t\t<div class=\"elementor-image-box-wrapper\"><figure class=\"elementor-image-box-img\"><img decoding=\"async\" width=\"365\" height=\"365\" src=\"https:\/\/novo.sandramineracao.com.br\/wp-content\/uploads\/2025\/02\/crw_365h_365.webp\" class=\"attachment-full size-full wp-image-2480\" alt=\"\" srcset=\"https:\/\/novo.sandramineracao.com.br\/wp-content\/uploads\/2025\/02\/crw_365h_365.webp 365w, https:\/\/novo.sandramineracao.com.br\/wp-content\/uploads\/2025\/02\/crw_365h_365-300x300.webp 300w, https:\/\/novo.sandramineracao.com.br\/wp-content\/uploads\/2025\/02\/crw_365h_365-150x150.webp 150w, https:\/\/novo.sandramineracao.com.br\/wp-content\/uploads\/2025\/02\/crw_365h_365-12x12.webp 12w\" sizes=\"(max-width: 365px) 100vw, 365px\" \/><\/figure><div class=\"elementor-image-box-content\"><h3 class=\"elementor-image-box-title\">Meio Ambiente<\/h3><p class=\"elementor-image-box-description\">A preserva\u00e7\u00e3o e respeito ao meio ambiente \u00e9 uma premissa da nossa empresa.\n\n<\/p><\/div><\/div>\t\t\t\t<\/div>\n\t\t\t\t<\/div>\n\t\t\t\t\t<\/div>\n\t\t<\/div>\n\t\t\t\t<div class=\"elementor-column elementor-col-33 elementor-top-column elementor-element elementor-element-39dffac\" data-id=\"39dffac\" data-element_type=\"column\">\n\t\t\t<div class=\"elementor-widget-wrap elementor-element-populated\">\n\t\t\t\t\t\t<div class=\"elementor-element elementor-element-d0f7226 elementor-position-top elementor-widget elementor-widget-image-box\" data-id=\"d0f7226\" data-element_type=\"widget\" data-widget_type=\"image-box.default\">\n\t\t\t\t<div class=\"elementor-widget-container\">\n\t\t\t\t\t<div class=\"elementor-image-box-wrapper\"><figure class=\"elementor-image-box-img\"><img decoding=\"async\" width=\"365\" height=\"365\" src=\"https:\/\/novo.sandramineracao.com.br\/wp-content\/uploads\/2025\/02\/rsw_365h_365cg_true-1.webp\" class=\"attachment-full size-full wp-image-2481\" alt=\"\" srcset=\"https:\/\/novo.sandramineracao.com.br\/wp-content\/uploads\/2025\/02\/rsw_365h_365cg_true-1.webp 365w, https:\/\/novo.sandramineracao.com.br\/wp-content\/uploads\/2025\/02\/rsw_365h_365cg_true-1-300x300.webp 300w, https:\/\/novo.sandramineracao.com.br\/wp-content\/uploads\/2025\/02\/rsw_365h_365cg_true-1-150x150.webp 150w, https:\/\/novo.sandramineracao.com.br\/wp-content\/uploads\/2025\/02\/rsw_365h_365cg_true-1-12x12.webp 12w\" sizes=\"(max-width: 365px) 100vw, 365px\" \/><\/figure><div class=\"elementor-image-box-content\"><h3 class=\"elementor-image-box-title\">O Calc\u00e1rio<\/h3><p class=\"elementor-image-box-description\"> O calc\u00e1rio \u00e9 uma rocha sedimentar, constitu\u00edda principalmente de carbonato de c\u00e1lcio.  Ele \u00e9 utilizado como mat\u00e9ria-prima com diferentes fins por variadas ind\u00fastrias. \n\n<\/p><\/div><\/div>\t\t\t\t<\/div>\n\t\t\t\t<\/div>\n\t\t\t\t\t<\/div>\n\t\t<\/div>\n\t\t\t\t\t<\/div>\n\t\t<\/section>\n\t\t\t\t<\/div>","protected":false},"excerpt":{"rendered":"<p>quem somos Neg\u00f3cio A Sandra Minera\u00e7\u00e3o atua no mercado de extra\u00e7\u00e3o e comercializa\u00e7\u00e3o de calc\u00e1rio, oferecendo as melhores solu\u00e7\u00f5es a seus clientes. Meio Ambiente A&hellip;<\/p>","protected":false},"author":2,"featured_media":0,"parent":0,"menu_order":0,"comment_status":"closed","ping_status":"closed","template":"","meta":{"footnotes":""},"class_list":["post-94","page","type-page","status-publish","hentry"],"yoast_head":"<!-- This site is optimized with the Yoast SEO plugin v24.8.1 - https:\/\/yoast.com\/wordpress\/plugins\/seo\/ -->\n<title>Quem Somos - Sandra<\/title>\n<meta name=\"robots\" content=\"index, follow, max-snippet:-1, max-image-preview:large, max-video-preview:-1\" \/>\n<link rel=\"canonical\" href=\"https:\/\/novo.sandramineracao.com.br\/en\/quem-somos\/\" \/>\n<meta property=\"og:locale\" content=\"en_US\" \/>\n<meta property=\"og:type\" content=\"article\" \/>\n<meta property=\"og:title\" content=\"Quem Somos - Sandra\" \/>\n<meta property=\"og:description\" content=\"quem somos Neg\u00f3cio A Sandra Minera\u00e7\u00e3o atua no mercado de extra\u00e7\u00e3o e comercializa\u00e7\u00e3o de calc\u00e1rio, oferecendo as melhores solu\u00e7\u00f5es a seus clientes. Meio Ambiente A&hellip;\" \/>\n<meta property=\"og:url\" content=\"https:\/\/novo.sandramineracao.com.br\/en\/quem-somos\/\" \/>\n<meta property=\"og:site_name\" content=\"Sandra\" \/>\n<meta property=\"article:publisher\" content=\"https:\/\/www.facebook.com\/cimentotupi.sa\" \/>\n<meta property=\"article:modified_time\" content=\"2025-02-07T20:22:28+00:00\" \/>\n<meta property=\"og:image\" content=\"http:\/\/novo.sandramineracao.com.br\/wp-content\/uploads\/2025\/02\/rsw_365h_365cg_true.webp\" \/>\n<meta name=\"twitter:card\" content=\"summary_large_image\" \/>\n<meta name=\"twitter:label1\" content=\"Est. reading time\" \/>\n\t<meta name=\"twitter:data1\" content=\"1 minute\" \/>\n<script type=\"application\/ld+json\" class=\"yoast-schema-graph\">{\"@context\":\"https:\/\/schema.org\",\"@graph\":[{\"@type\":\"WebPage\",\"@id\":\"https:\/\/novo.sandramineracao.com.br\/quem-somos\/\",\"url\":\"https:\/\/novo.sandramineracao.com.br\/quem-somos\/\",\"name\":\"Quem Somos - Sandra\",\"isPartOf\":{\"@id\":\"https:\/\/novo.sandramineracao.com.br\/#website\"},\"primaryImageOfPage\":{\"@id\":\"https:\/\/novo.sandramineracao.com.br\/quem-somos\/#primaryimage\"},\"image\":{\"@id\":\"https:\/\/novo.sandramineracao.com.br\/quem-somos\/#primaryimage\"},\"thumbnailUrl\":\"http:\/\/novo.sandramineracao.com.br\/wp-content\/uploads\/2025\/02\/rsw_365h_365cg_true.webp\",\"datePublished\":\"2021-10-09T20:41:17+00:00\",\"dateModified\":\"2025-02-07T20:22:28+00:00\",\"breadcrumb\":{\"@id\":\"https:\/\/novo.sandramineracao.com.br\/quem-somos\/#breadcrumb\"},\"inLanguage\":\"en-US\",\"potentialAction\":[{\"@type\":\"ReadAction\",\"target\":[\"https:\/\/novo.sandramineracao.com.br\/quem-somos\/\"]}]},{\"@type\":\"ImageObject\",\"inLanguage\":\"en-US\",\"@id\":\"https:\/\/novo.sandramineracao.com.br\/quem-somos\/#primaryimage\",\"url\":\"http:\/\/novo.sandramineracao.com.br\/wp-content\/uploads\/2025\/02\/rsw_365h_365cg_true.webp\",\"contentUrl\":\"http:\/\/novo.sandramineracao.com.br\/wp-content\/uploads\/2025\/02\/rsw_365h_365cg_true.webp\"},{\"@type\":\"BreadcrumbList\",\"@id\":\"https:\/\/novo.sandramineracao.com.br\/quem-somos\/#breadcrumb\",\"itemListElement\":[{\"@type\":\"ListItem\",\"position\":1,\"name\":\"In\u00edcio\",\"item\":\"https:\/\/novo.sandramineracao.com.br\/\"},{\"@type\":\"ListItem\",\"position\":2,\"name\":\"Quem Somos\"}]},{\"@type\":\"WebSite\",\"@id\":\"https:\/\/novo.sandramineracao.com.br\/#website\",\"url\":\"https:\/\/novo.sandramineracao.com.br\/\",\"name\":\"Sandra\",\"description\":\"Minera\u00e7\u00e3o com Qualidade\",\"publisher\":{\"@id\":\"https:\/\/novo.sandramineracao.com.br\/#organization\"},\"potentialAction\":[{\"@type\":\"SearchAction\",\"target\":{\"@type\":\"EntryPoint\",\"urlTemplate\":\"https:\/\/novo.sandramineracao.com.br\/?s={search_term_string}\"},\"query-input\":{\"@type\":\"PropertyValueSpecification\",\"valueRequired\":true,\"valueName\":\"search_term_string\"}}],\"inLanguage\":\"en-US\"},{\"@type\":\"Organization\",\"@id\":\"https:\/\/novo.sandramineracao.com.br\/#organization\",\"name\":\"Sandra\",\"url\":\"https:\/\/novo.sandramineracao.com.br\/\",\"logo\":{\"@type\":\"ImageObject\",\"inLanguage\":\"en-US\",\"@id\":\"https:\/\/novo.sandramineracao.com.br\/#\/schema\/logo\/image\/\",\"url\":\"https:\/\/novo.sandramineracao.com.br\/wp-content\/uploads\/2025\/02\/Logos_01-Logo-horizontal-Cores-oficiais.png\",\"contentUrl\":\"https:\/\/novo.sandramineracao.com.br\/wp-content\/uploads\/2025\/02\/Logos_01-Logo-horizontal-Cores-oficiais.png\",\"width\":2888,\"height\":998,\"caption\":\"Sandra\"},\"image\":{\"@id\":\"https:\/\/novo.sandramineracao.com.br\/#\/schema\/logo\/image\/\"},\"sameAs\":[\"https:\/\/www.facebook.com\/cimentotupi.sa\"]}]}<\/script>\n<!-- \/ Yoast SEO plugin. -->","yoast_head_json":{"title":"Quem Somos - Sandra","robots":{"index":"index","follow":"follow","max-snippet":"max-snippet:-1","max-image-preview":"max-image-preview:large","max-video-preview":"max-video-preview:-1"},"canonical":"https:\/\/novo.sandramineracao.com.br\/en\/quem-somos\/","og_locale":"en_US","og_type":"article","og_title":"Quem Somos - Sandra","og_description":"quem somos Neg\u00f3cio A Sandra Minera\u00e7\u00e3o atua no mercado de extra\u00e7\u00e3o e comercializa\u00e7\u00e3o de calc\u00e1rio, oferecendo as melhores solu\u00e7\u00f5es a seus clientes. Meio Ambiente A&hellip;","og_url":"https:\/\/novo.sandramineracao.com.br\/en\/quem-somos\/","og_site_name":"Sandra","article_publisher":"https:\/\/www.facebook.com\/cimentotupi.sa","article_modified_time":"2025-02-07T20:22:28+00:00","og_image":[{"url":"http:\/\/novo.sandramineracao.com.br\/wp-content\/uploads\/2025\/02\/rsw_365h_365cg_true.webp","type":"","width":"","height":""}],"twitter_card":"summary_large_image","twitter_misc":{"Est. reading time":"1 minute"},"schema":{"@context":"https:\/\/schema.org","@graph":[{"@type":"WebPage","@id":"https:\/\/novo.sandramineracao.com.br\/quem-somos\/","url":"https:\/\/novo.sandramineracao.com.br\/quem-somos\/","name":"Quem Somos - Sandra","isPartOf":{"@id":"https:\/\/novo.sandramineracao.com.br\/#website"},"primaryImageOfPage":{"@id":"https:\/\/novo.sandramineracao.com.br\/quem-somos\/#primaryimage"},"image":{"@id":"https:\/\/novo.sandramineracao.com.br\/quem-somos\/#primaryimage"},"thumbnailUrl":"http:\/\/novo.sandramineracao.com.br\/wp-content\/uploads\/2025\/02\/rsw_365h_365cg_true.webp","datePublished":"2021-10-09T20:41:17+00:00","dateModified":"2025-02-07T20:22:28+00:00","breadcrumb":{"@id":"https:\/\/novo.sandramineracao.com.br\/quem-somos\/#breadcrumb"},"inLanguage":"en-US","potentialAction":[{"@type":"ReadAction","target":["https:\/\/novo.sandramineracao.com.br\/quem-somos\/"]}]},{"@type":"ImageObject","inLanguage":"en-US","@id":"https:\/\/novo.sandramineracao.com.br\/quem-somos\/#primaryimage","url":"http:\/\/novo.sandramineracao.com.br\/wp-content\/uploads\/2025\/02\/rsw_365h_365cg_true.webp","contentUrl":"http:\/\/novo.sandramineracao.com.br\/wp-content\/uploads\/2025\/02\/rsw_365h_365cg_true.webp"},{"@type":"BreadcrumbList","@id":"https:\/\/novo.sandramineracao.com.br\/quem-somos\/#breadcrumb","itemListElement":[{"@type":"ListItem","position":1,"name":"In\u00edcio","item":"https:\/\/novo.sandramineracao.com.br\/"},{"@type":"ListItem","position":2,"name":"Quem Somos"}]},{"@type":"WebSite","@id":"https:\/\/novo.sandramineracao.com.br\/#website","url":"https:\/\/novo.sandramineracao.com.br\/","name":"Sandra","description":"Minera\u00e7\u00e3o com Qualidade","publisher":{"@id":"https:\/\/novo.sandramineracao.com.br\/#organization"},"potentialAction":[{"@type":"SearchAction","target":{"@type":"EntryPoint","urlTemplate":"https:\/\/novo.sandramineracao.com.br\/?s={search_term_string}"},"query-input":{"@type":"PropertyValueSpecification","valueRequired":true,"valueName":"search_term_string"}}],"inLanguage":"en-US"},{"@type":"Organization","@id":"https:\/\/novo.sandramineracao.com.br\/#organization","name":"Sandra","url":"https:\/\/novo.sandramineracao.com.br\/","logo":{"@type":"ImageObject","inLanguage":"en-US","@id":"https:\/\/novo.sandramineracao.com.br\/#\/schema\/logo\/image\/","url":"https:\/\/novo.sandramineracao.com.br\/wp-content\/uploads\/2025\/02\/Logos_01-Logo-horizontal-Cores-oficiais.png","contentUrl":"https:\/\/novo.sandramineracao.com.br\/wp-content\/uploads\/2025\/02\/Logos_01-Logo-horizontal-Cores-oficiais.png","width":2888,"height":998,"caption":"Sandra"},"image":{"@id":"https:\/\/novo.sandramineracao.com.br\/#\/schema\/logo\/image\/"},"sameAs":["https:\/\/www.facebook.com\/cimentotupi.sa"]}]}},"_links":{"self":[{"href":"https:\/\/novo.sandramineracao.com.br\/en\/wp-json\/wp\/v2\/pages\/94","targetHints":{"allow":["GET"]}}],"collection":[{"href":"https:\/\/novo.sandramineracao.com.br\/en\/wp-json\/wp\/v2\/pages"}],"about":[{"href":"https:\/\/novo.sandramineracao.com.br\/en\/wp-json\/wp\/v2\/types\/page"}],"author":[{"embeddable":true,"href":"https:\/\/novo.sandramineracao.com.br\/en\/wp-json\/wp\/v2\/users\/2"}],"replies":[{"embeddable":true,"href":"https:\/\/novo.sandramineracao.com.br\/en\/wp-json\/wp\/v2\/comments?post=94"}],"version-history":[{"count":0,"href":"https:\/\/novo.sandramineracao.com.br\/en\/wp-json\/wp\/v2\/pages\/94\/revisions"}],"wp:attachment":[{"href":"https:\/\/novo.sandramineracao.com.br\/en\/wp-json\/wp\/v2\/media?parent=94"}],"curies":[{"name":"wp","href":"https:\/\/api.w.org\/{rel}","templated":true}]}}