{"id":682,"date":"2022-09-20T17:58:16","date_gmt":"2022-09-20T20:58:16","guid":{"rendered":"http:\/\/cimentotupi.com.br\/?page_id=682"},"modified":"2025-04-08T14:10:44","modified_gmt":"2025-04-08T17:10:44","slug":"fale-conosco-comunidade","status":"publish","type":"page","link":"https:\/\/novo.sandramineracao.com.br\/en\/fale-conosco-comunidade\/","title":{"rendered":"Fale Conosco &#8211; Comunidade"},"content":{"rendered":"<div data-elementor-type=\"wp-page\" data-elementor-id=\"682\" class=\"elementor elementor-682\">\n\t\t\t\t\t\t<section class=\"elementor-section elementor-top-section elementor-element elementor-element-9c1d738 elementor-section-stretched elementor-section-content-middle elementor-section-boxed elementor-section-height-default elementor-section-height-default\" data-id=\"9c1d738\" data-element_type=\"section\" data-settings=\"{&quot;stretch_section&quot;:&quot;section-stretched&quot;,&quot;background_background&quot;:&quot;classic&quot;}\">\n\t\t\t\t\t\t<div class=\"elementor-container elementor-column-gap-default\">\n\t\t\t\t\t<div class=\"elementor-column elementor-col-100 elementor-top-column elementor-element elementor-element-1a62e61\" data-id=\"1a62e61\" data-element_type=\"column\">\n\t\t\t<div class=\"elementor-widget-wrap elementor-element-populated\">\n\t\t\t\t\t\t<div class=\"elementor-element elementor-element-493d419 elementor-widget elementor-widget-heading\" data-id=\"493d419\" data-element_type=\"widget\" data-widget_type=\"heading.default\">\n\t\t\t\t<div class=\"elementor-widget-container\">\n\t\t\t\t\t<h1 class=\"elementor-heading-title elementor-size-default\">Contact Us<\/h1>\t\t\t\t<\/div>\n\t\t\t\t<\/div>\n\t\t\t\t\t<\/div>\n\t\t<\/div>\n\t\t\t\t\t<\/div>\n\t\t<\/section>\n\t\t\t\t<section class=\"elementor-section elementor-top-section elementor-element elementor-element-b68b3f8 elementor-section-stretched elementor-section-content-middle elementor-section-full_width elementor-section-height-default elementor-section-height-default\" data-id=\"b68b3f8\" data-element_type=\"section\" data-settings=\"{&quot;stretch_section&quot;:&quot;section-stretched&quot;,&quot;background_background&quot;:&quot;classic&quot;}\">\n\t\t\t\t\t\t<div class=\"elementor-container elementor-column-gap-default\">\n\t\t\t\t\t<div class=\"elementor-column elementor-col-50 elementor-top-column elementor-element elementor-element-d6ac2eb\" data-id=\"d6ac2eb\" data-element_type=\"column\">\n\t\t\t<div class=\"elementor-widget-wrap elementor-element-populated\">\n\t\t\t\t\t\t<div class=\"elementor-element elementor-element-4f02f25 elementor-widget elementor-widget-image\" data-id=\"4f02f25\" data-element_type=\"widget\" data-widget_type=\"image.default\">\n\t\t\t\t<div class=\"elementor-widget-container\">\n\t\t\t\t\t\t\t\t\t\t\t\t\t\t\t<img decoding=\"async\" src=\"http:\/\/cimentotupi.com.br\/wp-content\/uploads\/2022\/09\/DestaqueDenuncia.jpg\" title=\"\" alt=\"\" loading=\"lazy\" \/>\t\t\t\t\t\t\t\t\t\t\t\t\t\t\t<\/div>\n\t\t\t\t<\/div>\n\t\t\t\t<div class=\"elementor-element elementor-element-1bd0610 elementor-widget elementor-widget-text-editor\" data-id=\"1bd0610\" data-element_type=\"widget\" data-widget_type=\"text-editor.default\">\n\t\t\t\t<div class=\"elementor-widget-container\">\n\t\t\t\t\t\t\t\t\tQuer trabalhar conosco ou tem alguma d\u00favida sobre nossas vagas?\nEnvie um e-mail para\u00a0<span style=\"color: #ffffff;\"><strong><a style=\"color: #ffffff;\" href=\"mailto:rh@sandramineracao.com.br\">rh@sandramineracao.com.br<\/a><\/strong><\/span>\t\t\t\t\t\t\t\t<\/div>\n\t\t\t\t<\/div>\n\t\t\t\t\t<\/div>\n\t\t<\/div>\n\t\t\t\t<div class=\"elementor-column elementor-col-50 elementor-top-column elementor-element elementor-element-49f61a3\" data-id=\"49f61a3\" data-element_type=\"column\" data-settings=\"{&quot;background_background&quot;:&quot;classic&quot;}\">\n\t\t\t<div class=\"elementor-widget-wrap elementor-element-populated\">\n\t\t\t\t\t\t<div class=\"elementor-element elementor-element-024b4ca elementor-widget elementor-widget-heading\" data-id=\"024b4ca\" data-element_type=\"widget\" data-widget_type=\"heading.default\">\n\t\t\t\t<div class=\"elementor-widget-container\">\n\t\t\t\t\t<h3 class=\"elementor-heading-title elementor-size-default\">I am from the Community\n<\/h3>\t\t\t\t<\/div>\n\t\t\t\t<\/div>\n\t\t\t\t<div class=\"elementor-element elementor-element-7cdb766 elementor-widget elementor-widget-text-editor\" data-id=\"7cdb766\" data-element_type=\"widget\" data-widget_type=\"text-editor.default\">\n\t\t\t\t<div class=\"elementor-widget-container\">\n\t\t\t\t\t\t\t\t\t<p>This section is destined for communication between users and the team behind <b>Sandra Minera\u00e7\u00e3o<\/b>we encourage you on sending messages with suggestions, critics, compliments and doubts.<\/p>\t\t\t\t\t\t\t\t<\/div>\n\t\t\t\t<\/div>\n\t\t\t\t<div class=\"elementor-element elementor-element-2a0e16a elementor-widget elementor-widget-shortcode\" data-id=\"2a0e16a\" data-element_type=\"widget\" data-widget_type=\"shortcode.default\">\n\t\t\t\t<div class=\"elementor-widget-container\">\n\t\t\t\t\t\t\t<div class=\"elementor-shortcode\"><div class='fluentform ff-default fluentform_wrapper_5 ffs_custom_wrap'><form data-form_id=\"5\" id=\"fluentform_5\" class=\"frm-fluent-form fluent_form_5 ff-el-form-top ff_form_instance_5_1 ff-form-loading ffs_custom\" data-form_instance=\"ff_form_instance_5_1\" method=\"POST\" action=\"\" ><fieldset  style=\"border: none!important;margin: 0!important;padding: 0!important;background-color: transparent!important;box-shadow: none!important;outline: none!important; min-inline-size: 100%;\">\n                    <legend class=\"ff_screen_reader_title\" style=\"display: block; margin: 0!important;padding: 0!important;height: 0!important;text-indent: -999999px;width: 0!important;overflow:hidden;\">ContatoComunidade<\/legend><input type='hidden' name='__fluent_form_embded_post_id' value='682' \/><input type=\"hidden\" id=\"_fluentform_5_fluentformnonce\" name=\"_fluentform_5_fluentformnonce\" value=\"0f9a0159bf\" \/><input type=\"hidden\" name=\"_wp_http_referer\" value=\"\/en\/wp-json\/wp\/v2\/pages\/682\" \/><div class='ff-el-group ff-el-form-left'><div class=\"ff-el-input--label ff-el-is-required asterisk-right\"><label for='ff_5_' aria-label=\"Subject:\">Subject:<\/label><\/div><div class='ff-el-input--content'><select id=\"ff_5_\" class=\"ff-el-form-control\" data-calc_value=\"0\"  aria-invalid=\"false\" aria-required=\"true\"><option value=\"\">Selecione o Assunto do Contato:<\/option><option value=\"Agendamento de Visitas T\u00e9cnicas\"  >Agendamento de Visitas T\u00e9cnicas<\/option><option value=\"Apoio Cultural, Doa\u00e7\u00e3o e Patroc\u00ednio\"  >Apoio Cultural, Doa\u00e7\u00e3o e Patroc\u00ednio<\/option><option value=\"Outros\"  >Outros<\/option><option value=\"Reclama\u00e7\u00e3o\"  >Reclama\u00e7\u00e3o<\/option><\/select><\/div><\/div><div class='ff-el-group ff-el-form-left'><div class=\"ff-el-input--label ff-el-is-required asterisk-right\"><label for='ff_5_input_text_8' aria-label=\"Company name:\">Company name:<\/label><\/div><div class='ff-el-input--content'><input type=\"text\" name=\"input_text_8\" class=\"ff-el-form-control\" placeholder=\"Inform the name of the company\" data-name=\"input_text_8\" id=\"ff_5_input_text_8\"  aria-invalid=\"false\" aria-required=\"true\"><\/div><\/div><div class='ff-el-group ff-el-form-left'><div class=\"ff-el-input--label ff-el-is-required asterisk-right\"><label for='ff_5_input_text_9' aria-label=\"Contact name:\">Contact name:<\/label><\/div><div class='ff-el-input--content'><input type=\"text\" name=\"input_text_9\" class=\"ff-el-form-control\" placeholder=\"Inform your name\" data-name=\"input_text_9\" id=\"ff_5_input_text_9\"  aria-invalid=\"false\" aria-required=\"true\"><\/div><\/div><div class='ff-el-group ff-el-form-left'><div class=\"ff-el-input--label ff-el-is-required asterisk-right\"><label for='ff_5_input_text_11' aria-label=\"CPF:\">CPF:<\/label><\/div><div class='ff-el-input--content'><input type=\"text\" name=\"input_text_11\" class=\"ff-el-form-control\" placeholder=\"Informe seu CPF\" data-name=\"input_text_11\" id=\"ff_5_input_text_11\"  aria-invalid=\"false\" aria-required=\"true\"><\/div><\/div><div class='ff-el-group ff-el-form-left'><div class=\"ff-el-input--label ff-el-is-required asterisk-right\"><label for='ff_5_phone' aria-label=\"Phone:\">Phone:<\/label><\/div><div class='ff-el-input--content'><input name=\"phone\" class=\"ff-el-form-control ff-el-phone\" type=\"tel\" placeholder=\"Inform your phone number\" data-name=\"phone\" id=\"ff_5_phone\" inputmode=\"tel\"  aria-invalid='false' aria-required=\"true\"><\/div><\/div><div class='ff-el-group ff-el-form-left'><div class=\"ff-el-input--label ff-el-is-required asterisk-right\"><label for='ff_5_email' aria-label=\"Inform your email\">Inform your email<\/label><\/div><div class='ff-el-input--content'><input type=\"email\" name=\"email\" id=\"ff_5_email\" class=\"ff-el-form-control\" placeholder=\"Inform your email \" data-name=\"email\"  aria-invalid=\"false\" aria-required=\"true\"><\/div><\/div><div class='ff-el-group ff-el-form-left'><div class=\"ff-el-input--label ff-el-is-required asterisk-right\"><label for='ff_5_input_text_13' aria-label=\"Address:\">Address:<\/label><\/div><div class='ff-el-input--content'><input type=\"text\" name=\"input_text_13\" class=\"ff-el-form-control\" placeholder=\"Inform your address\" data-name=\"input_text_13\" id=\"ff_5_input_text_13\"  aria-invalid=\"false\" aria-required=\"true\"><\/div><\/div><div class='ff-el-group ff-el-form-left'><div class=\"ff-el-input--label ff-el-is-required asterisk-right\"><label for='ff_5_input_text_14' aria-label=\"City\/Town:\">City\/Town:<\/label><\/div><div class='ff-el-input--content'><input type=\"text\" name=\"input_text_14\" class=\"ff-el-form-control\" placeholder=\"Inform your city\" data-name=\"input_text_14\" id=\"ff_5_input_text_14\"  aria-invalid=\"false\" aria-required=\"true\"><\/div><\/div><div class='ff-el-group ff-el-form-left'><div class=\"ff-el-input--label ff-el-is-required asterisk-right\"><label for='ff_5_dropdown' aria-label=\"Estado\">Estado<\/label><\/div><div class='ff-el-input--content'><select name=\"dropdown\" id=\"ff_5_dropdown\" class=\"ff-el-form-control\" data-name=\"dropdown\" data-calc_value=\"0\"  aria-invalid=\"false\" aria-required=\"true\"><option value=\"\">Inform your state<\/option><option value=\"Acre (AC)\"  >Acre (AC)<\/option><option value=\"Alagoas (AL)\"  >Alagoas (AL)<\/option><option value=\"Amap\u00e1 (AP)\"  >Amap\u00e1 (AP)<\/option><option value=\"Amazonas (AM)\"  >Amazonas (AM)<\/option><option value=\"Bahia (BA)\"  >Bahia (BA)<\/option><option value=\"Cear\u00e1 (CE)\"  >Cear\u00e1 (CE)<\/option><option value=\"Distrito Federal (DF)\"  >Distrito Federal (DF)<\/option><option value=\"Esp\u00edrito Santo (ES)\"  >Esp\u00edrito Santo (ES)<\/option><option value=\"Goi\u00e1s (GO)\"  >Goi\u00e1s (GO)<\/option><option value=\"Maranh\u00e3o (MA)\"  >Maranh\u00e3o (MA)<\/option><option value=\"Mato Grosso (MT)\"  >Mato Grosso (MT)<\/option><option value=\"Mato Grosso do Sul (MS)\"  >Mato Grosso do Sul (MS)<\/option><option value=\"Minas Gerais (MG)\"  >Minas Gerais (MG)<\/option><option value=\"Par\u00e1 (PA)\"  >Par\u00e1 (PA)<\/option><option value=\"Para\u00edba (PB)\"  >Para\u00edba (PB)<\/option><option value=\"Paran\u00e1 (PR)\"  >Paran\u00e1 (PR)<\/option><option value=\"Pernambuco (PE)\"  >Pernambuco (PE)<\/option><option value=\"Piau\u00ed (PI)\"  >Piau\u00ed (PI)<\/option><option value=\"Rio de Janeiro (RJ)\"  >Rio de Janeiro (RJ)<\/option><option value=\"Rio Grande do Norte (RN)\"  >Rio Grande do Norte (RN)<\/option><option value=\"Rio Grande do Sul (RS)\"  >Rio Grande do Sul (RS)<\/option><option value=\"Rond\u00f4nia (RO)\"  >Rond\u00f4nia (RO)<\/option><option value=\"Roraima (RR)\"  >Roraima (RR)<\/option><option value=\"Santa Catarina (SC)\"  >Santa Catarina (SC)<\/option><option value=\"S\u00e3o Paulo (SP)\"  >S\u00e3o Paulo (SP)<\/option><option value=\"Sergipe (SE)\"  >Sergipe (SE)<\/option><option value=\"Tocantins (TO)\"  >Tocantins (TO)<\/option><\/select><\/div><\/div><div class='ff-el-group ff-el-form-left'><div class=\"ff-el-input--label ff-el-is-required asterisk-right\"><label for='ff_5_input_text_12' aria-label=\"Your message:\">Your message:<\/label><\/div><div class='ff-el-input--content'><input type=\"text\" name=\"input_text_12\" class=\"ff-el-form-control\" placeholder=\"Wright your message\" data-name=\"input_text_12\" id=\"ff_5_input_text_12\"  aria-invalid=\"false\" aria-required=\"true\"><\/div><\/div><div class='ff-el-group ff-text-left ff_submit_btn_wrapper'><button type=\"submit\" class=\"ff-btn ff-btn-submit ff-btn-lg ff_btn_style wpf_has_custom_css\" >SEND<\/button><\/div><\/fieldset><input type=\"hidden\" name=\"trp-form-language\" value=\"en\"\/><\/form><div id='fluentform_5_errors' class='ff-errors-in-stack ff_form_instance_5_1 ff-form-loading_errors ff_form_instance_5_1_errors'><\/div><\/div>        <script type=\"text\/javascript\">\n            window.fluent_form_ff_form_instance_5_1 = {\"id\":\"5\",\"settings\":{\"layout\":{\"labelPlacement\":\"top\",\"helpMessagePlacement\":\"with_label\",\"errorMessagePlacement\":\"inline\",\"cssClassName\":\"\",\"asteriskPlacement\":\"asterisk-right\"},\"restrictions\":{\"denyEmptySubmission\":{\"enabled\":false}}},\"form_instance\":\"ff_form_instance_5_1\",\"form_id_selector\":\"fluentform_5\",\"rules\":{\"\":{\"required\":{\"value\":true,\"message\":\"Item obrigat\\u00f3rio a ser respondido\",\"global\":false,\"global_message\":\"Este campo \\u00e9 obrigat\\u00f3rio\"}},\"input_text_8\":{\"required\":{\"value\":true,\"message\":\"Item obrigat\\u00f3rio a ser respondido\",\"global\":false,\"global_message\":\"Este campo \\u00e9 obrigat\\u00f3rio\"}},\"input_text_9\":{\"required\":{\"value\":true,\"message\":\"Item obrigat\\u00f3rio a ser respondido\",\"global\":false,\"global_message\":\"Este campo \\u00e9 obrigat\\u00f3rio\"}},\"input_text_11\":{\"required\":{\"value\":true,\"message\":\"Item obrigat\\u00f3rio a ser respondido\",\"global\":false,\"global_message\":\"Este campo \\u00e9 obrigat\\u00f3rio\"}},\"phone\":{\"required\":{\"value\":true,\"message\":\"Item obrigat\\u00f3rio a ser respondido\",\"global\":false,\"global_message\":\"Este campo \\u00e9 obrigat\\u00f3rio\"},\"valid_phone_number\":{\"value\":false,\"message\":\"O n\\u00famero informado n\\u00e3o \\u00e9 v\\u00e1lido\",\"global\":false,\"global_message\":\"O n\\u00famero de telefone n\\u00e3o \\u00e9 v\\u00e1lido\"}},\"email\":{\"required\":{\"value\":true,\"message\":\"Item obrigat\\u00f3rio a ser respondido\",\"global\":false,\"global_message\":\"Este campo \\u00e9 obrigat\\u00f3rio\"},\"email\":{\"value\":true,\"message\":\"Email invalido.\",\"global\":false,\"global_message\":\"Este campo deve conter um e-mail v\\u00e1lido\"}},\"input_text_13\":{\"required\":{\"value\":true,\"message\":\"Item obrigat\\u00f3rio a ser respondido\",\"global\":false,\"global_message\":\"Este campo \\u00e9 obrigat\\u00f3rio\"}},\"input_text_14\":{\"required\":{\"value\":true,\"message\":\"Item obrigat\\u00f3rio a ser respondido\",\"global\":false,\"global_message\":\"Este campo \\u00e9 obrigat\\u00f3rio\"}},\"dropdown\":{\"required\":{\"value\":true,\"message\":\"Item obrigat\\u00f3rio a ser respondido\",\"global\":false,\"global_message\":\"Este campo \\u00e9 obrigat\\u00f3rio\"}},\"input_text_12\":{\"required\":{\"value\":true,\"message\":\"Item obrigat\\u00f3rio a ser respondido\",\"global\":false,\"global_message\":\"Este campo \\u00e9 obrigat\\u00f3rio\"}}},\"debounce_time\":300};\n                    <\/script>\n        <\/div>\n\t\t\t\t\t\t<\/div>\n\t\t\t\t<\/div>\n\t\t\t\t\t<\/div>\n\t\t<\/div>\n\t\t\t\t\t<\/div>\n\t\t<\/section>\n\t\t\t\t<\/div>","protected":false},"excerpt":{"rendered":"<p>fale conosco Quer trabalhar conosco ou tem alguma d\u00favida sobre nossas vagas? Envie um e-mail para\u00a0rh@sandramineracao.com.br sou da comunidade Esta \u00e1rea do site \u00e9 destinada&hellip;<\/p>","protected":false},"author":2,"featured_media":0,"parent":0,"menu_order":0,"comment_status":"closed","ping_status":"closed","template":"","meta":{"footnotes":""},"class_list":["post-682","page","type-page","status-publish","hentry"],"yoast_head":"<!-- This site is optimized with the Yoast SEO plugin v24.8.1 - https:\/\/yoast.com\/wordpress\/plugins\/seo\/ -->\n<title>Fale Conosco - Comunidade - Sandra<\/title>\n<meta name=\"robots\" content=\"index, follow, max-snippet:-1, max-image-preview:large, max-video-preview:-1\" \/>\n<link rel=\"canonical\" href=\"https:\/\/novo.sandramineracao.com.br\/en\/fale-conosco-comunidade\/\" \/>\n<meta property=\"og:locale\" content=\"en_US\" \/>\n<meta property=\"og:type\" content=\"article\" \/>\n<meta property=\"og:title\" content=\"Fale Conosco - Comunidade - Sandra\" \/>\n<meta property=\"og:description\" content=\"fale conosco Quer trabalhar conosco ou tem alguma d\u00favida sobre nossas vagas? Envie um e-mail para\u00a0rh@sandramineracao.com.br sou da comunidade Esta \u00e1rea do site \u00e9 destinada&hellip;\" \/>\n<meta property=\"og:url\" content=\"https:\/\/novo.sandramineracao.com.br\/en\/fale-conosco-comunidade\/\" \/>\n<meta property=\"og:site_name\" content=\"Sandra\" \/>\n<meta property=\"article:publisher\" content=\"https:\/\/www.facebook.com\/cimentotupi.sa\" \/>\n<meta property=\"article:modified_time\" content=\"2025-04-08T17:10:44+00:00\" \/>\n<meta property=\"og:image\" content=\"http:\/\/cimentotupi.com.br\/wp-content\/uploads\/2022\/09\/DestaqueDenuncia.jpg\" \/>\n<meta name=\"twitter:card\" content=\"summary_large_image\" \/>\n<meta name=\"twitter:label1\" content=\"Est. reading time\" \/>\n\t<meta name=\"twitter:data1\" content=\"1 minute\" \/>\n<script type=\"application\/ld+json\" class=\"yoast-schema-graph\">{\"@context\":\"https:\/\/schema.org\",\"@graph\":[{\"@type\":\"WebPage\",\"@id\":\"https:\/\/novo.sandramineracao.com.br\/fale-conosco-comunidade\/\",\"url\":\"https:\/\/novo.sandramineracao.com.br\/fale-conosco-comunidade\/\",\"name\":\"Fale Conosco - Comunidade - Sandra\",\"isPartOf\":{\"@id\":\"https:\/\/novo.sandramineracao.com.br\/#website\"},\"primaryImageOfPage\":{\"@id\":\"https:\/\/novo.sandramineracao.com.br\/fale-conosco-comunidade\/#primaryimage\"},\"image\":{\"@id\":\"https:\/\/novo.sandramineracao.com.br\/fale-conosco-comunidade\/#primaryimage\"},\"thumbnailUrl\":\"http:\/\/cimentotupi.com.br\/wp-content\/uploads\/2022\/09\/DestaqueDenuncia.jpg\",\"datePublished\":\"2022-09-20T20:58:16+00:00\",\"dateModified\":\"2025-04-08T17:10:44+00:00\",\"breadcrumb\":{\"@id\":\"https:\/\/novo.sandramineracao.com.br\/fale-conosco-comunidade\/#breadcrumb\"},\"inLanguage\":\"en-US\",\"potentialAction\":[{\"@type\":\"ReadAction\",\"target\":[\"https:\/\/novo.sandramineracao.com.br\/fale-conosco-comunidade\/\"]}]},{\"@type\":\"ImageObject\",\"inLanguage\":\"en-US\",\"@id\":\"https:\/\/novo.sandramineracao.com.br\/fale-conosco-comunidade\/#primaryimage\",\"url\":\"http:\/\/cimentotupi.com.br\/wp-content\/uploads\/2022\/09\/DestaqueDenuncia.jpg\",\"contentUrl\":\"http:\/\/cimentotupi.com.br\/wp-content\/uploads\/2022\/09\/DestaqueDenuncia.jpg\"},{\"@type\":\"BreadcrumbList\",\"@id\":\"https:\/\/novo.sandramineracao.com.br\/fale-conosco-comunidade\/#breadcrumb\",\"itemListElement\":[{\"@type\":\"ListItem\",\"position\":1,\"name\":\"In\u00edcio\",\"item\":\"https:\/\/novo.sandramineracao.com.br\/\"},{\"@type\":\"ListItem\",\"position\":2,\"name\":\"Fale Conosco &#8211; Comunidade\"}]},{\"@type\":\"WebSite\",\"@id\":\"https:\/\/novo.sandramineracao.com.br\/#website\",\"url\":\"https:\/\/novo.sandramineracao.com.br\/\",\"name\":\"Sandra\",\"description\":\"Minera\u00e7\u00e3o com Qualidade\",\"publisher\":{\"@id\":\"https:\/\/novo.sandramineracao.com.br\/#organization\"},\"potentialAction\":[{\"@type\":\"SearchAction\",\"target\":{\"@type\":\"EntryPoint\",\"urlTemplate\":\"https:\/\/novo.sandramineracao.com.br\/?s={search_term_string}\"},\"query-input\":{\"@type\":\"PropertyValueSpecification\",\"valueRequired\":true,\"valueName\":\"search_term_string\"}}],\"inLanguage\":\"en-US\"},{\"@type\":\"Organization\",\"@id\":\"https:\/\/novo.sandramineracao.com.br\/#organization\",\"name\":\"Sandra\",\"url\":\"https:\/\/novo.sandramineracao.com.br\/\",\"logo\":{\"@type\":\"ImageObject\",\"inLanguage\":\"en-US\",\"@id\":\"https:\/\/novo.sandramineracao.com.br\/#\/schema\/logo\/image\/\",\"url\":\"https:\/\/novo.sandramineracao.com.br\/wp-content\/uploads\/2025\/02\/Logos_01-Logo-horizontal-Cores-oficiais.png\",\"contentUrl\":\"https:\/\/novo.sandramineracao.com.br\/wp-content\/uploads\/2025\/02\/Logos_01-Logo-horizontal-Cores-oficiais.png\",\"width\":2888,\"height\":998,\"caption\":\"Sandra\"},\"image\":{\"@id\":\"https:\/\/novo.sandramineracao.com.br\/#\/schema\/logo\/image\/\"},\"sameAs\":[\"https:\/\/www.facebook.com\/cimentotupi.sa\"]}]}<\/script>\n<!-- \/ Yoast SEO plugin. -->","yoast_head_json":{"title":"Fale Conosco - Comunidade - Sandra","robots":{"index":"index","follow":"follow","max-snippet":"max-snippet:-1","max-image-preview":"max-image-preview:large","max-video-preview":"max-video-preview:-1"},"canonical":"https:\/\/novo.sandramineracao.com.br\/en\/fale-conosco-comunidade\/","og_locale":"en_US","og_type":"article","og_title":"Fale Conosco - Comunidade - Sandra","og_description":"fale conosco Quer trabalhar conosco ou tem alguma d\u00favida sobre nossas vagas? Envie um e-mail para\u00a0rh@sandramineracao.com.br sou da comunidade Esta \u00e1rea do site \u00e9 destinada&hellip;","og_url":"https:\/\/novo.sandramineracao.com.br\/en\/fale-conosco-comunidade\/","og_site_name":"Sandra","article_publisher":"https:\/\/www.facebook.com\/cimentotupi.sa","article_modified_time":"2025-04-08T17:10:44+00:00","og_image":[{"url":"http:\/\/cimentotupi.com.br\/wp-content\/uploads\/2022\/09\/DestaqueDenuncia.jpg","type":"","width":"","height":""}],"twitter_card":"summary_large_image","twitter_misc":{"Est. reading time":"1 minute"},"schema":{"@context":"https:\/\/schema.org","@graph":[{"@type":"WebPage","@id":"https:\/\/novo.sandramineracao.com.br\/fale-conosco-comunidade\/","url":"https:\/\/novo.sandramineracao.com.br\/fale-conosco-comunidade\/","name":"Fale Conosco - Comunidade - Sandra","isPartOf":{"@id":"https:\/\/novo.sandramineracao.com.br\/#website"},"primaryImageOfPage":{"@id":"https:\/\/novo.sandramineracao.com.br\/fale-conosco-comunidade\/#primaryimage"},"image":{"@id":"https:\/\/novo.sandramineracao.com.br\/fale-conosco-comunidade\/#primaryimage"},"thumbnailUrl":"http:\/\/cimentotupi.com.br\/wp-content\/uploads\/2022\/09\/DestaqueDenuncia.jpg","datePublished":"2022-09-20T20:58:16+00:00","dateModified":"2025-04-08T17:10:44+00:00","breadcrumb":{"@id":"https:\/\/novo.sandramineracao.com.br\/fale-conosco-comunidade\/#breadcrumb"},"inLanguage":"en-US","potentialAction":[{"@type":"ReadAction","target":["https:\/\/novo.sandramineracao.com.br\/fale-conosco-comunidade\/"]}]},{"@type":"ImageObject","inLanguage":"en-US","@id":"https:\/\/novo.sandramineracao.com.br\/fale-conosco-comunidade\/#primaryimage","url":"http:\/\/cimentotupi.com.br\/wp-content\/uploads\/2022\/09\/DestaqueDenuncia.jpg","contentUrl":"http:\/\/cimentotupi.com.br\/wp-content\/uploads\/2022\/09\/DestaqueDenuncia.jpg"},{"@type":"BreadcrumbList","@id":"https:\/\/novo.sandramineracao.com.br\/fale-conosco-comunidade\/#breadcrumb","itemListElement":[{"@type":"ListItem","position":1,"name":"In\u00edcio","item":"https:\/\/novo.sandramineracao.com.br\/"},{"@type":"ListItem","position":2,"name":"Fale Conosco &#8211; Comunidade"}]},{"@type":"WebSite","@id":"https:\/\/novo.sandramineracao.com.br\/#website","url":"https:\/\/novo.sandramineracao.com.br\/","name":"Sandra","description":"Minera\u00e7\u00e3o com Qualidade","publisher":{"@id":"https:\/\/novo.sandramineracao.com.br\/#organization"},"potentialAction":[{"@type":"SearchAction","target":{"@type":"EntryPoint","urlTemplate":"https:\/\/novo.sandramineracao.com.br\/?s={search_term_string}"},"query-input":{"@type":"PropertyValueSpecification","valueRequired":true,"valueName":"search_term_string"}}],"inLanguage":"en-US"},{"@type":"Organization","@id":"https:\/\/novo.sandramineracao.com.br\/#organization","name":"Sandra","url":"https:\/\/novo.sandramineracao.com.br\/","logo":{"@type":"ImageObject","inLanguage":"en-US","@id":"https:\/\/novo.sandramineracao.com.br\/#\/schema\/logo\/image\/","url":"https:\/\/novo.sandramineracao.com.br\/wp-content\/uploads\/2025\/02\/Logos_01-Logo-horizontal-Cores-oficiais.png","contentUrl":"https:\/\/novo.sandramineracao.com.br\/wp-content\/uploads\/2025\/02\/Logos_01-Logo-horizontal-Cores-oficiais.png","width":2888,"height":998,"caption":"Sandra"},"image":{"@id":"https:\/\/novo.sandramineracao.com.br\/#\/schema\/logo\/image\/"},"sameAs":["https:\/\/www.facebook.com\/cimentotupi.sa"]}]}},"_links":{"self":[{"href":"https:\/\/novo.sandramineracao.com.br\/en\/wp-json\/wp\/v2\/pages\/682","targetHints":{"allow":["GET"]}}],"collection":[{"href":"https:\/\/novo.sandramineracao.com.br\/en\/wp-json\/wp\/v2\/pages"}],"about":[{"href":"https:\/\/novo.sandramineracao.com.br\/en\/wp-json\/wp\/v2\/types\/page"}],"author":[{"embeddable":true,"href":"https:\/\/novo.sandramineracao.com.br\/en\/wp-json\/wp\/v2\/users\/2"}],"replies":[{"embeddable":true,"href":"https:\/\/novo.sandramineracao.com.br\/en\/wp-json\/wp\/v2\/comments?post=682"}],"version-history":[{"count":0,"href":"https:\/\/novo.sandramineracao.com.br\/en\/wp-json\/wp\/v2\/pages\/682\/revisions"}],"wp:attachment":[{"href":"https:\/\/novo.sandramineracao.com.br\/en\/wp-json\/wp\/v2\/media?parent=682"}],"curies":[{"name":"wp","href":"https:\/\/api.w.org\/{rel}","templated":true}]}}