{"id":668,"date":"2022-09-20T14:50:42","date_gmt":"2022-09-20T17:50:42","guid":{"rendered":"http:\/\/cimentotupi.com.br\/?page_id=668"},"modified":"2025-02-06T16:58:44","modified_gmt":"2025-02-06T19:58:44","slug":"canal-de-denuncia","status":"publish","type":"page","link":"https:\/\/novo.sandramineracao.com.br\/en\/canal-de-denuncia\/","title":{"rendered":"Whistleblower Channel"},"content":{"rendered":"<div data-elementor-type=\"wp-page\" data-elementor-id=\"668\" class=\"elementor elementor-668\">\n\t\t\t\t\t\t<section class=\"elementor-section elementor-top-section elementor-element elementor-element-c88e5ea elementor-section-stretched elementor-section-content-middle elementor-section-full_width elementor-section-height-default elementor-section-height-default\" data-id=\"c88e5ea\" data-element_type=\"section\" data-settings=\"{&quot;stretch_section&quot;:&quot;section-stretched&quot;}\">\n\t\t\t\t\t\t<div class=\"elementor-container elementor-column-gap-default\">\n\t\t\t\t\t<div class=\"elementor-column elementor-col-50 elementor-top-column elementor-element elementor-element-8cb8121\" data-id=\"8cb8121\" data-element_type=\"column\" data-settings=\"{&quot;background_background&quot;:&quot;gradient&quot;}\">\n\t\t\t<div class=\"elementor-widget-wrap elementor-element-populated\">\n\t\t\t\t\t\t<div class=\"elementor-element elementor-element-ca02329 elementor-widget elementor-widget-image\" data-id=\"ca02329\" data-element_type=\"widget\" data-widget_type=\"image.default\">\n\t\t\t\t<div class=\"elementor-widget-container\">\n\t\t\t\t\t\t\t\t\t\t\t\t\t\t\t<img decoding=\"async\" width=\"150\" height=\"150\" src=\"https:\/\/novo.sandramineracao.com.br\/wp-content\/uploads\/2025\/02\/Logos_01-Logo-vertical-Cores-oficiais-150x150.png\" class=\"attachment-thumbnail size-thumbnail wp-image-2408\" alt=\"\" srcset=\"https:\/\/novo.sandramineracao.com.br\/wp-content\/uploads\/2025\/02\/Logos_01-Logo-vertical-Cores-oficiais-150x150.png 150w, https:\/\/novo.sandramineracao.com.br\/wp-content\/uploads\/2025\/02\/Logos_01-Logo-vertical-Cores-oficiais-300x300.png 300w, https:\/\/novo.sandramineracao.com.br\/wp-content\/uploads\/2025\/02\/Logos_01-Logo-vertical-Cores-oficiais-1024x1024.png 1024w, https:\/\/novo.sandramineracao.com.br\/wp-content\/uploads\/2025\/02\/Logos_01-Logo-vertical-Cores-oficiais-768x768.png 768w, https:\/\/novo.sandramineracao.com.br\/wp-content\/uploads\/2025\/02\/Logos_01-Logo-vertical-Cores-oficiais-12x12.png 12w, https:\/\/novo.sandramineracao.com.br\/wp-content\/uploads\/2025\/02\/Logos_01-Logo-vertical-Cores-oficiais.png 1417w\" sizes=\"(max-width: 150px) 100vw, 150px\" \/>\t\t\t\t\t\t\t\t\t\t\t\t\t\t\t<\/div>\n\t\t\t\t<\/div>\n\t\t\t\t\t<\/div>\n\t\t<\/div>\n\t\t\t\t<div class=\"elementor-column elementor-col-50 elementor-top-column elementor-element elementor-element-244cd56\" data-id=\"244cd56\" data-element_type=\"column\">\n\t\t\t<div class=\"elementor-widget-wrap elementor-element-populated\">\n\t\t\t\t\t\t<div class=\"elementor-element elementor-element-5e042d4 elementor-widget elementor-widget-heading\" data-id=\"5e042d4\" data-element_type=\"widget\" data-widget_type=\"heading.default\">\n\t\t\t\t<div class=\"elementor-widget-container\">\n\t\t\t\t\t<h1 class=\"elementor-heading-title elementor-size-default\">Canal de Den\u00fancia Sandra Minera\u00e7\u00e3o<\/h1>\t\t\t\t<\/div>\n\t\t\t\t<\/div>\n\t\t\t\t<div class=\"elementor-element elementor-element-fe0464d elementor-widget elementor-widget-text-editor\" data-id=\"fe0464d\" data-element_type=\"widget\" data-widget_type=\"text-editor.default\">\n\t\t\t\t<div class=\"elementor-widget-container\">\n\t\t\t\t\t\t\t\t\t<p>O Canal de Den\u00fancia Sandra Minera\u00e7\u00e3o foi criado para oferecer aos empregados, parceiros, clientes, fornecedores e a comunidade um meio de comunicar condutas n\u00e3o condizentes com os valores da empresa ou que violem nosso\u00a0<b>C\u00f3digo de \u00c9tica e Conduta e a legisla\u00e7\u00e3o vigente. Todo o processo \u00e9 confidencial e seguro<\/b>.<\/p><p>As informa\u00e7\u00f5es ser\u00e3o recebidas por uma empresa independente, o que garante o sigilo absoluto e o tratamento adequado de cada situa\u00e7\u00e3o pelo Comit\u00ea de \u00c9tica da Sandra Minera\u00e7\u00e3o.<\/p><p>In order to maintain confidentiality  and credibility of the channel, the conduct of the investigation of complaints must be secret. However, those who file the complaint can follow the outcome of the process through a protocol number.<\/p><p>O Canal funciona no telefone\u00a0<b>0800 881 3467<\/b>, 24 horas por dia e 7 dias por semana. Sua den\u00fancia ainda pode ser feita atrav\u00e9s do site\u00a0<u><b>contatoseguro.com.br\/<\/b><\/u><u><b>sandramineracao<\/b><\/u>.<\/p><p>Disponibilizamos tamb\u00e9m o e-mail:\u00a0<b>contato@sandramineracao.com.br<\/b>.<\/p><p><b>Aviso importante<\/b>: Este Canal \u00e9 exclusivo para relato de den\u00fancias e deve ser usado com responsabilidade e seriedade. Outros assuntos, como envio de curr\u00edculos, cadastro de fornecedores e outras d\u00favidas, por favor acesse o menu \u201cFale Conosco\u201d da p\u00e1gina principal.<\/p>\t\t\t\t\t\t\t\t<\/div>\n\t\t\t\t<\/div>\n\t\t\t\t\t<\/div>\n\t\t<\/div>\n\t\t\t\t\t<\/div>\n\t\t<\/section>\n\t\t\t\t<\/div>","protected":false},"excerpt":{"rendered":"<p>Canal de Den\u00fancia Sandra Minera\u00e7\u00e3o O Canal de Den\u00fancia Sandra Minera\u00e7\u00e3o foi criado para oferecer aos empregados, parceiros, clientes, fornecedores e a comunidade um meio&hellip;<\/p>","protected":false},"author":2,"featured_media":0,"parent":0,"menu_order":0,"comment_status":"closed","ping_status":"closed","template":"","meta":{"footnotes":""},"class_list":["post-668","page","type-page","status-publish","hentry"],"yoast_head":"<!-- This site is optimized with the Yoast SEO plugin v24.8.1 - https:\/\/yoast.com\/wordpress\/plugins\/seo\/ -->\n<title>Canal de Den\u00fancia - Sandra<\/title>\n<meta name=\"robots\" content=\"index, follow, max-snippet:-1, max-image-preview:large, max-video-preview:-1\" \/>\n<link rel=\"canonical\" href=\"https:\/\/novo.sandramineracao.com.br\/en\/canal-de-denuncia\/\" \/>\n<meta property=\"og:locale\" content=\"en_US\" \/>\n<meta property=\"og:type\" content=\"article\" \/>\n<meta property=\"og:title\" content=\"Canal de Den\u00fancia - Sandra\" \/>\n<meta property=\"og:description\" content=\"Canal de Den\u00fancia Sandra Minera\u00e7\u00e3o O Canal de Den\u00fancia Sandra Minera\u00e7\u00e3o foi criado para oferecer aos empregados, parceiros, clientes, fornecedores e a comunidade um meio&hellip;\" \/>\n<meta property=\"og:url\" content=\"https:\/\/novo.sandramineracao.com.br\/en\/canal-de-denuncia\/\" \/>\n<meta property=\"og:site_name\" content=\"Sandra\" \/>\n<meta property=\"article:publisher\" content=\"https:\/\/www.facebook.com\/cimentotupi.sa\" \/>\n<meta property=\"article:modified_time\" content=\"2025-02-06T19:58:44+00:00\" \/>\n<meta property=\"og:image\" content=\"http:\/\/novo.sandramineracao.com.br\/wp-content\/uploads\/2025\/02\/Logos_01-Logo-vertical-Cores-oficiais-150x150.png\" \/>\n<meta name=\"twitter:card\" content=\"summary_large_image\" \/>\n<meta name=\"twitter:label1\" content=\"Est. reading time\" \/>\n\t<meta name=\"twitter:data1\" content=\"2 minutes\" \/>\n<script type=\"application\/ld+json\" class=\"yoast-schema-graph\">{\"@context\":\"https:\/\/schema.org\",\"@graph\":[{\"@type\":\"WebPage\",\"@id\":\"https:\/\/novo.sandramineracao.com.br\/canal-de-denuncia\/\",\"url\":\"https:\/\/novo.sandramineracao.com.br\/canal-de-denuncia\/\",\"name\":\"Canal de Den\u00fancia - Sandra\",\"isPartOf\":{\"@id\":\"https:\/\/novo.sandramineracao.com.br\/#website\"},\"primaryImageOfPage\":{\"@id\":\"https:\/\/novo.sandramineracao.com.br\/canal-de-denuncia\/#primaryimage\"},\"image\":{\"@id\":\"https:\/\/novo.sandramineracao.com.br\/canal-de-denuncia\/#primaryimage\"},\"thumbnailUrl\":\"http:\/\/novo.sandramineracao.com.br\/wp-content\/uploads\/2025\/02\/Logos_01-Logo-vertical-Cores-oficiais-150x150.png\",\"datePublished\":\"2022-09-20T17:50:42+00:00\",\"dateModified\":\"2025-02-06T19:58:44+00:00\",\"breadcrumb\":{\"@id\":\"https:\/\/novo.sandramineracao.com.br\/canal-de-denuncia\/#breadcrumb\"},\"inLanguage\":\"en-US\",\"potentialAction\":[{\"@type\":\"ReadAction\",\"target\":[\"https:\/\/novo.sandramineracao.com.br\/canal-de-denuncia\/\"]}]},{\"@type\":\"ImageObject\",\"inLanguage\":\"en-US\",\"@id\":\"https:\/\/novo.sandramineracao.com.br\/canal-de-denuncia\/#primaryimage\",\"url\":\"http:\/\/novo.sandramineracao.com.br\/wp-content\/uploads\/2025\/02\/Logos_01-Logo-vertical-Cores-oficiais-150x150.png\",\"contentUrl\":\"http:\/\/novo.sandramineracao.com.br\/wp-content\/uploads\/2025\/02\/Logos_01-Logo-vertical-Cores-oficiais-150x150.png\"},{\"@type\":\"BreadcrumbList\",\"@id\":\"https:\/\/novo.sandramineracao.com.br\/canal-de-denuncia\/#breadcrumb\",\"itemListElement\":[{\"@type\":\"ListItem\",\"position\":1,\"name\":\"In\u00edcio\",\"item\":\"https:\/\/novo.sandramineracao.com.br\/\"},{\"@type\":\"ListItem\",\"position\":2,\"name\":\"Canal de Den\u00fancia\"}]},{\"@type\":\"WebSite\",\"@id\":\"https:\/\/novo.sandramineracao.com.br\/#website\",\"url\":\"https:\/\/novo.sandramineracao.com.br\/\",\"name\":\"Sandra\",\"description\":\"Minera\u00e7\u00e3o com Qualidade\",\"publisher\":{\"@id\":\"https:\/\/novo.sandramineracao.com.br\/#organization\"},\"potentialAction\":[{\"@type\":\"SearchAction\",\"target\":{\"@type\":\"EntryPoint\",\"urlTemplate\":\"https:\/\/novo.sandramineracao.com.br\/?s={search_term_string}\"},\"query-input\":{\"@type\":\"PropertyValueSpecification\",\"valueRequired\":true,\"valueName\":\"search_term_string\"}}],\"inLanguage\":\"en-US\"},{\"@type\":\"Organization\",\"@id\":\"https:\/\/novo.sandramineracao.com.br\/#organization\",\"name\":\"Sandra\",\"url\":\"https:\/\/novo.sandramineracao.com.br\/\",\"logo\":{\"@type\":\"ImageObject\",\"inLanguage\":\"en-US\",\"@id\":\"https:\/\/novo.sandramineracao.com.br\/#\/schema\/logo\/image\/\",\"url\":\"https:\/\/novo.sandramineracao.com.br\/wp-content\/uploads\/2025\/02\/Logos_01-Logo-horizontal-Cores-oficiais.png\",\"contentUrl\":\"https:\/\/novo.sandramineracao.com.br\/wp-content\/uploads\/2025\/02\/Logos_01-Logo-horizontal-Cores-oficiais.png\",\"width\":2888,\"height\":998,\"caption\":\"Sandra\"},\"image\":{\"@id\":\"https:\/\/novo.sandramineracao.com.br\/#\/schema\/logo\/image\/\"},\"sameAs\":[\"https:\/\/www.facebook.com\/cimentotupi.sa\"]}]}<\/script>\n<!-- \/ Yoast SEO plugin. -->","yoast_head_json":{"title":"Canal de Den\u00fancia - Sandra","robots":{"index":"index","follow":"follow","max-snippet":"max-snippet:-1","max-image-preview":"max-image-preview:large","max-video-preview":"max-video-preview:-1"},"canonical":"https:\/\/novo.sandramineracao.com.br\/en\/canal-de-denuncia\/","og_locale":"en_US","og_type":"article","og_title":"Canal de Den\u00fancia - Sandra","og_description":"Canal de Den\u00fancia Sandra Minera\u00e7\u00e3o O Canal de Den\u00fancia Sandra Minera\u00e7\u00e3o foi criado para oferecer aos empregados, parceiros, clientes, fornecedores e a comunidade um meio&hellip;","og_url":"https:\/\/novo.sandramineracao.com.br\/en\/canal-de-denuncia\/","og_site_name":"Sandra","article_publisher":"https:\/\/www.facebook.com\/cimentotupi.sa","article_modified_time":"2025-02-06T19:58:44+00:00","og_image":[{"url":"http:\/\/novo.sandramineracao.com.br\/wp-content\/uploads\/2025\/02\/Logos_01-Logo-vertical-Cores-oficiais-150x150.png","type":"","width":"","height":""}],"twitter_card":"summary_large_image","twitter_misc":{"Est. reading time":"2 minutes"},"schema":{"@context":"https:\/\/schema.org","@graph":[{"@type":"WebPage","@id":"https:\/\/novo.sandramineracao.com.br\/canal-de-denuncia\/","url":"https:\/\/novo.sandramineracao.com.br\/canal-de-denuncia\/","name":"Canal de Den\u00fancia - Sandra","isPartOf":{"@id":"https:\/\/novo.sandramineracao.com.br\/#website"},"primaryImageOfPage":{"@id":"https:\/\/novo.sandramineracao.com.br\/canal-de-denuncia\/#primaryimage"},"image":{"@id":"https:\/\/novo.sandramineracao.com.br\/canal-de-denuncia\/#primaryimage"},"thumbnailUrl":"http:\/\/novo.sandramineracao.com.br\/wp-content\/uploads\/2025\/02\/Logos_01-Logo-vertical-Cores-oficiais-150x150.png","datePublished":"2022-09-20T17:50:42+00:00","dateModified":"2025-02-06T19:58:44+00:00","breadcrumb":{"@id":"https:\/\/novo.sandramineracao.com.br\/canal-de-denuncia\/#breadcrumb"},"inLanguage":"en-US","potentialAction":[{"@type":"ReadAction","target":["https:\/\/novo.sandramineracao.com.br\/canal-de-denuncia\/"]}]},{"@type":"ImageObject","inLanguage":"en-US","@id":"https:\/\/novo.sandramineracao.com.br\/canal-de-denuncia\/#primaryimage","url":"http:\/\/novo.sandramineracao.com.br\/wp-content\/uploads\/2025\/02\/Logos_01-Logo-vertical-Cores-oficiais-150x150.png","contentUrl":"http:\/\/novo.sandramineracao.com.br\/wp-content\/uploads\/2025\/02\/Logos_01-Logo-vertical-Cores-oficiais-150x150.png"},{"@type":"BreadcrumbList","@id":"https:\/\/novo.sandramineracao.com.br\/canal-de-denuncia\/#breadcrumb","itemListElement":[{"@type":"ListItem","position":1,"name":"In\u00edcio","item":"https:\/\/novo.sandramineracao.com.br\/"},{"@type":"ListItem","position":2,"name":"Canal de Den\u00fancia"}]},{"@type":"WebSite","@id":"https:\/\/novo.sandramineracao.com.br\/#website","url":"https:\/\/novo.sandramineracao.com.br\/","name":"Sandra","description":"Minera\u00e7\u00e3o com Qualidade","publisher":{"@id":"https:\/\/novo.sandramineracao.com.br\/#organization"},"potentialAction":[{"@type":"SearchAction","target":{"@type":"EntryPoint","urlTemplate":"https:\/\/novo.sandramineracao.com.br\/?s={search_term_string}"},"query-input":{"@type":"PropertyValueSpecification","valueRequired":true,"valueName":"search_term_string"}}],"inLanguage":"en-US"},{"@type":"Organization","@id":"https:\/\/novo.sandramineracao.com.br\/#organization","name":"Sandra","url":"https:\/\/novo.sandramineracao.com.br\/","logo":{"@type":"ImageObject","inLanguage":"en-US","@id":"https:\/\/novo.sandramineracao.com.br\/#\/schema\/logo\/image\/","url":"https:\/\/novo.sandramineracao.com.br\/wp-content\/uploads\/2025\/02\/Logos_01-Logo-horizontal-Cores-oficiais.png","contentUrl":"https:\/\/novo.sandramineracao.com.br\/wp-content\/uploads\/2025\/02\/Logos_01-Logo-horizontal-Cores-oficiais.png","width":2888,"height":998,"caption":"Sandra"},"image":{"@id":"https:\/\/novo.sandramineracao.com.br\/#\/schema\/logo\/image\/"},"sameAs":["https:\/\/www.facebook.com\/cimentotupi.sa"]}]}},"_links":{"self":[{"href":"https:\/\/novo.sandramineracao.com.br\/en\/wp-json\/wp\/v2\/pages\/668","targetHints":{"allow":["GET"]}}],"collection":[{"href":"https:\/\/novo.sandramineracao.com.br\/en\/wp-json\/wp\/v2\/pages"}],"about":[{"href":"https:\/\/novo.sandramineracao.com.br\/en\/wp-json\/wp\/v2\/types\/page"}],"author":[{"embeddable":true,"href":"https:\/\/novo.sandramineracao.com.br\/en\/wp-json\/wp\/v2\/users\/2"}],"replies":[{"embeddable":true,"href":"https:\/\/novo.sandramineracao.com.br\/en\/wp-json\/wp\/v2\/comments?post=668"}],"version-history":[{"count":0,"href":"https:\/\/novo.sandramineracao.com.br\/en\/wp-json\/wp\/v2\/pages\/668\/revisions"}],"wp:attachment":[{"href":"https:\/\/novo.sandramineracao.com.br\/en\/wp-json\/wp\/v2\/media?parent=668"}],"curies":[{"name":"wp","href":"https:\/\/api.w.org\/{rel}","templated":true}]}}