{"id":2603,"date":"2025-03-26T21:12:43","date_gmt":"2025-03-27T00:12:43","guid":{"rendered":"http:\/\/novo.sandramineracao.com.br\/?page_id=2603"},"modified":"2025-04-24T16:05:30","modified_gmt":"2025-04-24T19:05:30","slug":"solucoes-personalizadas","status":"publish","type":"page","link":"https:\/\/novo.sandramineracao.com.br\/en\/solucoes-personalizadas\/","title":{"rendered":"Solu\u00e7\u00f5es Personalizadas"},"content":{"rendered":"<div data-elementor-type=\"wp-page\" data-elementor-id=\"2603\" class=\"elementor elementor-2603\">\n\t\t\t\t\t\t<section class=\"elementor-section elementor-top-section elementor-element elementor-element-87c5b46 elementor-section-stretched elementor-section-content-middle elementor-section-boxed elementor-section-height-default elementor-section-height-default\" data-id=\"87c5b46\" data-element_type=\"section\" data-settings=\"{&quot;stretch_section&quot;:&quot;section-stretched&quot;,&quot;background_background&quot;:&quot;classic&quot;}\">\n\t\t\t\t\t\t<div class=\"elementor-container elementor-column-gap-default\">\n\t\t\t\t\t<div class=\"elementor-column elementor-col-100 elementor-top-column elementor-element elementor-element-3ea3c98\" data-id=\"3ea3c98\" data-element_type=\"column\">\n\t\t\t<div class=\"elementor-widget-wrap elementor-element-populated\">\n\t\t\t\t\t\t<div class=\"elementor-element elementor-element-5e042d4 elementor-widget elementor-widget-heading\" data-id=\"5e042d4\" data-element_type=\"widget\" data-widget_type=\"heading.default\">\n\t\t\t\t<div class=\"elementor-widget-container\">\n\t\t\t\t\t<h3 class=\"elementor-heading-title elementor-size-default\">Produtos  -  Solu\u00e7\u00f5es Personalizadas<\/h3>\t\t\t\t<\/div>\n\t\t\t\t<\/div>\n\t\t\t\t\t<\/div>\n\t\t<\/div>\n\t\t\t\t\t<\/div>\n\t\t<\/section>\n\t\t\t\t<section class=\"elementor-section elementor-top-section elementor-element elementor-element-c88e5ea elementor-section-stretched elementor-section-content-top elementor-section-full_width elementor-section-height-default elementor-section-height-default\" data-id=\"c88e5ea\" data-element_type=\"section\" data-settings=\"{&quot;stretch_section&quot;:&quot;section-stretched&quot;}\">\n\t\t\t\t\t\t<div class=\"elementor-container elementor-column-gap-default\">\n\t\t\t\t\t<div class=\"elementor-column elementor-col-100 elementor-top-column elementor-element elementor-element-244cd56\" data-id=\"244cd56\" data-element_type=\"column\" data-settings=\"{&quot;background_background&quot;:&quot;classic&quot;}\">\n\t\t\t<div class=\"elementor-widget-wrap elementor-element-populated\">\n\t\t\t\t\t\t<div class=\"elementor-element elementor-element-d8f4db3 elementor-widget elementor-widget-heading\" data-id=\"d8f4db3\" data-element_type=\"widget\" data-widget_type=\"heading.default\">\n\t\t\t\t<div class=\"elementor-widget-container\">\n\t\t\t\t\t<h3 class=\"elementor-heading-title elementor-size-default\">Solu\u00e7\u00f5es personalizadas para o seu neg\u00f3cio<\/h3>\t\t\t\t<\/div>\n\t\t\t\t<\/div>\n\t\t\t\t\t<\/div>\n\t\t<\/div>\n\t\t\t\t\t<\/div>\n\t\t<\/section>\n\t\t\t\t<section class=\"elementor-section elementor-top-section elementor-element elementor-element-5a1e4d0 elementor-section-stretched elementor-section-content-top elementor-section-boxed elementor-section-height-default elementor-section-height-default\" data-id=\"5a1e4d0\" data-element_type=\"section\" data-settings=\"{&quot;stretch_section&quot;:&quot;section-stretched&quot;}\">\n\t\t\t\t\t\t<div class=\"elementor-container elementor-column-gap-default\">\n\t\t\t\t\t<div class=\"elementor-column elementor-col-100 elementor-top-column elementor-element elementor-element-50914cb\" data-id=\"50914cb\" data-element_type=\"column\" data-settings=\"{&quot;background_background&quot;:&quot;classic&quot;}\">\n\t\t\t<div class=\"elementor-widget-wrap elementor-element-populated\">\n\t\t\t\t\t\t<div class=\"elementor-element elementor-element-32dce04 elementor-widget elementor-widget-text-editor\" data-id=\"32dce04\" data-element_type=\"widget\" data-widget_type=\"text-editor.default\">\n\t\t\t\t<div class=\"elementor-widget-container\">\n\t\t\t\t\t\t\t\t\t<p>A Sandra Minera\u00e7\u00e3o conta com uma equipe t\u00e9cnica altamente capacitada, pronta para compreender o seu processo e oferecer o produto ou solu\u00e7\u00e3o mais adequado para atender \u00e0s suas necessidades.<\/p>\t\t\t\t\t\t\t\t<\/div>\n\t\t\t\t<\/div>\n\t\t\t\t\t<\/div>\n\t\t<\/div>\n\t\t\t\t\t<\/div>\n\t\t<\/section>\n\t\t\t\t<section class=\"elementor-section elementor-top-section elementor-element elementor-element-5fdc25f elementor-section-boxed elementor-section-height-default elementor-section-height-default\" data-id=\"5fdc25f\" data-element_type=\"section\">\n\t\t\t\t\t\t<div class=\"elementor-container elementor-column-gap-default\">\n\t\t\t\t\t<div class=\"elementor-column elementor-col-50 elementor-top-column elementor-element elementor-element-53cf63a\" data-id=\"53cf63a\" data-element_type=\"column\" data-settings=\"{&quot;background_background&quot;:&quot;classic&quot;}\">\n\t\t\t<div class=\"elementor-widget-wrap elementor-element-populated\">\n\t\t\t\t\t\t<div class=\"elementor-element elementor-element-1f37dad elementor-widget elementor-widget-heading\" data-id=\"1f37dad\" data-element_type=\"widget\" data-widget_type=\"heading.default\">\n\t\t\t\t<div class=\"elementor-widget-container\">\n\t\t\t\t\t<h2 class=\"elementor-heading-title elementor-size-default\">N\u00e3o achou o que procurava?<\/h2>\t\t\t\t<\/div>\n\t\t\t\t<\/div>\n\t\t\t\t<div class=\"elementor-element elementor-element-fe0464d elementor-widget elementor-widget-text-editor\" data-id=\"fe0464d\" data-element_type=\"widget\" data-widget_type=\"text-editor.default\">\n\t\t\t\t<div class=\"elementor-widget-container\">\n\t\t\t\t\t\t\t\t\t<p>Entre em contato conosco e deixe a sua mensagem que nossa equipe est\u00e1 pronta para atender voc\u00ea.<\/p>\t\t\t\t\t\t\t\t<\/div>\n\t\t\t\t<\/div>\n\t\t\t\t<div class=\"elementor-element elementor-element-1129f34 elementor-widget elementor-widget-button\" data-id=\"1129f34\" data-element_type=\"widget\" data-widget_type=\"button.default\">\n\t\t\t\t<div class=\"elementor-widget-container\">\n\t\t\t\t\t\t\t\t\t<div class=\"elementor-button-wrapper\">\n\t\t\t\t\t<a class=\"elementor-button elementor-button-link elementor-size-sm\" href=\"https:\/\/sandra.twodigital.com.br\/sou-ou-quero-ser-um-cliente\/\">\n\t\t\t\t\t\t<span class=\"elementor-button-content-wrapper\">\n\t\t\t\t\t\t\t\t\t<span class=\"elementor-button-text\">Entre em contato<\/span>\n\t\t\t\t\t<\/span>\n\t\t\t\t\t<\/a>\n\t\t\t\t<\/div>\n\t\t\t\t\t\t\t\t<\/div>\n\t\t\t\t<\/div>\n\t\t\t\t\t<\/div>\n\t\t<\/div>\n\t\t\t\t<div class=\"elementor-column elementor-col-50 elementor-top-column elementor-element elementor-element-e539b38\" data-id=\"e539b38\" data-element_type=\"column\">\n\t\t\t<div class=\"elementor-widget-wrap\">\n\t\t\t\t\t\t\t<\/div>\n\t\t<\/div>\n\t\t\t\t\t<\/div>\n\t\t<\/section>\n\t\t\t\t<\/div>","protected":false},"excerpt":{"rendered":"<p>Produtos &#8211; Solu\u00e7\u00f5es Personalizadas Solu\u00e7\u00f5es personalizadas para o seu neg\u00f3cio A Sandra Minera\u00e7\u00e3o conta com uma equipe t\u00e9cnica altamente capacitada, pronta para compreender o seu&hellip;<\/p>","protected":false},"author":2,"featured_media":0,"parent":0,"menu_order":0,"comment_status":"closed","ping_status":"closed","template":"","meta":{"footnotes":""},"class_list":["post-2603","page","type-page","status-publish","hentry"],"yoast_head":"<!-- This site is optimized with the Yoast SEO plugin v24.8.1 - https:\/\/yoast.com\/wordpress\/plugins\/seo\/ -->\n<title>Solu\u00e7\u00f5es Personalizadas - Sandra<\/title>\n<meta name=\"robots\" content=\"index, follow, max-snippet:-1, max-image-preview:large, max-video-preview:-1\" \/>\n<link rel=\"canonical\" href=\"https:\/\/novo.sandramineracao.com.br\/en\/solucoes-personalizadas\/\" \/>\n<meta property=\"og:locale\" content=\"en_US\" \/>\n<meta property=\"og:type\" content=\"article\" \/>\n<meta property=\"og:title\" content=\"Solu\u00e7\u00f5es Personalizadas - Sandra\" \/>\n<meta property=\"og:description\" content=\"Produtos &#8211; Solu\u00e7\u00f5es Personalizadas Solu\u00e7\u00f5es personalizadas para o seu neg\u00f3cio A Sandra Minera\u00e7\u00e3o conta com uma equipe t\u00e9cnica altamente capacitada, pronta para compreender o seu&hellip;\" \/>\n<meta property=\"og:url\" content=\"https:\/\/novo.sandramineracao.com.br\/en\/solucoes-personalizadas\/\" \/>\n<meta property=\"og:site_name\" content=\"Sandra\" \/>\n<meta property=\"article:publisher\" content=\"https:\/\/www.facebook.com\/cimentotupi.sa\" \/>\n<meta property=\"article:modified_time\" content=\"2025-04-24T19:05:30+00:00\" \/>\n<meta name=\"twitter:card\" content=\"summary_large_image\" \/>\n<meta name=\"twitter:label1\" content=\"Est. reading time\" \/>\n\t<meta name=\"twitter:data1\" content=\"1 minute\" \/>\n<script type=\"application\/ld+json\" class=\"yoast-schema-graph\">{\"@context\":\"https:\/\/schema.org\",\"@graph\":[{\"@type\":\"WebPage\",\"@id\":\"https:\/\/novo.sandramineracao.com.br\/solucoes-personalizadas\/\",\"url\":\"https:\/\/novo.sandramineracao.com.br\/solucoes-personalizadas\/\",\"name\":\"Solu\u00e7\u00f5es Personalizadas - Sandra\",\"isPartOf\":{\"@id\":\"https:\/\/novo.sandramineracao.com.br\/#website\"},\"datePublished\":\"2025-03-27T00:12:43+00:00\",\"dateModified\":\"2025-04-24T19:05:30+00:00\",\"breadcrumb\":{\"@id\":\"https:\/\/novo.sandramineracao.com.br\/solucoes-personalizadas\/#breadcrumb\"},\"inLanguage\":\"en-US\",\"potentialAction\":[{\"@type\":\"ReadAction\",\"target\":[\"https:\/\/novo.sandramineracao.com.br\/solucoes-personalizadas\/\"]}]},{\"@type\":\"BreadcrumbList\",\"@id\":\"https:\/\/novo.sandramineracao.com.br\/solucoes-personalizadas\/#breadcrumb\",\"itemListElement\":[{\"@type\":\"ListItem\",\"position\":1,\"name\":\"In\u00edcio\",\"item\":\"https:\/\/novo.sandramineracao.com.br\/\"},{\"@type\":\"ListItem\",\"position\":2,\"name\":\"Solu\u00e7\u00f5es Personalizadas\"}]},{\"@type\":\"WebSite\",\"@id\":\"https:\/\/novo.sandramineracao.com.br\/#website\",\"url\":\"https:\/\/novo.sandramineracao.com.br\/\",\"name\":\"Sandra\",\"description\":\"Minera\u00e7\u00e3o com Qualidade\",\"publisher\":{\"@id\":\"https:\/\/novo.sandramineracao.com.br\/#organization\"},\"potentialAction\":[{\"@type\":\"SearchAction\",\"target\":{\"@type\":\"EntryPoint\",\"urlTemplate\":\"https:\/\/novo.sandramineracao.com.br\/?s={search_term_string}\"},\"query-input\":{\"@type\":\"PropertyValueSpecification\",\"valueRequired\":true,\"valueName\":\"search_term_string\"}}],\"inLanguage\":\"en-US\"},{\"@type\":\"Organization\",\"@id\":\"https:\/\/novo.sandramineracao.com.br\/#organization\",\"name\":\"Sandra\",\"url\":\"https:\/\/novo.sandramineracao.com.br\/\",\"logo\":{\"@type\":\"ImageObject\",\"inLanguage\":\"en-US\",\"@id\":\"https:\/\/novo.sandramineracao.com.br\/#\/schema\/logo\/image\/\",\"url\":\"https:\/\/novo.sandramineracao.com.br\/wp-content\/uploads\/2025\/02\/Logos_01-Logo-horizontal-Cores-oficiais.png\",\"contentUrl\":\"https:\/\/novo.sandramineracao.com.br\/wp-content\/uploads\/2025\/02\/Logos_01-Logo-horizontal-Cores-oficiais.png\",\"width\":2888,\"height\":998,\"caption\":\"Sandra\"},\"image\":{\"@id\":\"https:\/\/novo.sandramineracao.com.br\/#\/schema\/logo\/image\/\"},\"sameAs\":[\"https:\/\/www.facebook.com\/cimentotupi.sa\"]}]}<\/script>\n<!-- \/ Yoast SEO plugin. -->","yoast_head_json":{"title":"Solu\u00e7\u00f5es Personalizadas - Sandra","robots":{"index":"index","follow":"follow","max-snippet":"max-snippet:-1","max-image-preview":"max-image-preview:large","max-video-preview":"max-video-preview:-1"},"canonical":"https:\/\/novo.sandramineracao.com.br\/en\/solucoes-personalizadas\/","og_locale":"en_US","og_type":"article","og_title":"Solu\u00e7\u00f5es Personalizadas - Sandra","og_description":"Produtos &#8211; Solu\u00e7\u00f5es Personalizadas Solu\u00e7\u00f5es personalizadas para o seu neg\u00f3cio A Sandra Minera\u00e7\u00e3o conta com uma equipe t\u00e9cnica altamente capacitada, pronta para compreender o seu&hellip;","og_url":"https:\/\/novo.sandramineracao.com.br\/en\/solucoes-personalizadas\/","og_site_name":"Sandra","article_publisher":"https:\/\/www.facebook.com\/cimentotupi.sa","article_modified_time":"2025-04-24T19:05:30+00:00","twitter_card":"summary_large_image","twitter_misc":{"Est. reading time":"1 minute"},"schema":{"@context":"https:\/\/schema.org","@graph":[{"@type":"WebPage","@id":"https:\/\/novo.sandramineracao.com.br\/solucoes-personalizadas\/","url":"https:\/\/novo.sandramineracao.com.br\/solucoes-personalizadas\/","name":"Solu\u00e7\u00f5es Personalizadas - Sandra","isPartOf":{"@id":"https:\/\/novo.sandramineracao.com.br\/#website"},"datePublished":"2025-03-27T00:12:43+00:00","dateModified":"2025-04-24T19:05:30+00:00","breadcrumb":{"@id":"https:\/\/novo.sandramineracao.com.br\/solucoes-personalizadas\/#breadcrumb"},"inLanguage":"en-US","potentialAction":[{"@type":"ReadAction","target":["https:\/\/novo.sandramineracao.com.br\/solucoes-personalizadas\/"]}]},{"@type":"BreadcrumbList","@id":"https:\/\/novo.sandramineracao.com.br\/solucoes-personalizadas\/#breadcrumb","itemListElement":[{"@type":"ListItem","position":1,"name":"In\u00edcio","item":"https:\/\/novo.sandramineracao.com.br\/"},{"@type":"ListItem","position":2,"name":"Solu\u00e7\u00f5es Personalizadas"}]},{"@type":"WebSite","@id":"https:\/\/novo.sandramineracao.com.br\/#website","url":"https:\/\/novo.sandramineracao.com.br\/","name":"Sandra","description":"Minera\u00e7\u00e3o com Qualidade","publisher":{"@id":"https:\/\/novo.sandramineracao.com.br\/#organization"},"potentialAction":[{"@type":"SearchAction","target":{"@type":"EntryPoint","urlTemplate":"https:\/\/novo.sandramineracao.com.br\/?s={search_term_string}"},"query-input":{"@type":"PropertyValueSpecification","valueRequired":true,"valueName":"search_term_string"}}],"inLanguage":"en-US"},{"@type":"Organization","@id":"https:\/\/novo.sandramineracao.com.br\/#organization","name":"Sandra","url":"https:\/\/novo.sandramineracao.com.br\/","logo":{"@type":"ImageObject","inLanguage":"en-US","@id":"https:\/\/novo.sandramineracao.com.br\/#\/schema\/logo\/image\/","url":"https:\/\/novo.sandramineracao.com.br\/wp-content\/uploads\/2025\/02\/Logos_01-Logo-horizontal-Cores-oficiais.png","contentUrl":"https:\/\/novo.sandramineracao.com.br\/wp-content\/uploads\/2025\/02\/Logos_01-Logo-horizontal-Cores-oficiais.png","width":2888,"height":998,"caption":"Sandra"},"image":{"@id":"https:\/\/novo.sandramineracao.com.br\/#\/schema\/logo\/image\/"},"sameAs":["https:\/\/www.facebook.com\/cimentotupi.sa"]}]}},"_links":{"self":[{"href":"https:\/\/novo.sandramineracao.com.br\/en\/wp-json\/wp\/v2\/pages\/2603","targetHints":{"allow":["GET"]}}],"collection":[{"href":"https:\/\/novo.sandramineracao.com.br\/en\/wp-json\/wp\/v2\/pages"}],"about":[{"href":"https:\/\/novo.sandramineracao.com.br\/en\/wp-json\/wp\/v2\/types\/page"}],"author":[{"embeddable":true,"href":"https:\/\/novo.sandramineracao.com.br\/en\/wp-json\/wp\/v2\/users\/2"}],"replies":[{"embeddable":true,"href":"https:\/\/novo.sandramineracao.com.br\/en\/wp-json\/wp\/v2\/comments?post=2603"}],"version-history":[{"count":3,"href":"https:\/\/novo.sandramineracao.com.br\/en\/wp-json\/wp\/v2\/pages\/2603\/revisions"}],"predecessor-version":[{"id":2838,"href":"https:\/\/novo.sandramineracao.com.br\/en\/wp-json\/wp\/v2\/pages\/2603\/revisions\/2838"}],"wp:attachment":[{"href":"https:\/\/novo.sandramineracao.com.br\/en\/wp-json\/wp\/v2\/media?parent=2603"}],"curies":[{"name":"wp","href":"https:\/\/api.w.org\/{rel}","templated":true}]}}