{"id":2602,"date":"2025-03-26T21:25:46","date_gmt":"2025-03-27T00:25:46","guid":{"rendered":"http:\/\/novo.sandramineracao.com.br\/?page_id=2602"},"modified":"2025-03-27T07:25:58","modified_gmt":"2025-03-27T10:25:58","slug":"vidros","status":"publish","type":"page","link":"https:\/\/novo.sandramineracao.com.br\/en\/vidros\/","title":{"rendered":"Vidros"},"content":{"rendered":"<div data-elementor-type=\"wp-page\" data-elementor-id=\"2602\" class=\"elementor elementor-2602\">\n\t\t\t\t\t\t<section class=\"elementor-section elementor-top-section elementor-element elementor-element-87c5b46 elementor-section-stretched elementor-section-content-middle elementor-section-full_width elementor-section-height-default elementor-section-height-default\" data-id=\"87c5b46\" data-element_type=\"section\" data-settings=\"{&quot;stretch_section&quot;:&quot;section-stretched&quot;,&quot;background_background&quot;:&quot;classic&quot;}\">\n\t\t\t\t\t\t<div class=\"elementor-container elementor-column-gap-default\">\n\t\t\t\t\t<div class=\"elementor-column elementor-col-100 elementor-top-column elementor-element elementor-element-3ea3c98\" data-id=\"3ea3c98\" data-element_type=\"column\">\n\t\t\t<div class=\"elementor-widget-wrap elementor-element-populated\">\n\t\t\t\t\t\t<div class=\"elementor-element elementor-element-5e042d4 elementor-widget elementor-widget-heading\" data-id=\"5e042d4\" data-element_type=\"widget\" data-widget_type=\"heading.default\">\n\t\t\t\t<div class=\"elementor-widget-container\">\n\t\t\t\t\t<h1 class=\"elementor-heading-title elementor-size-default\">Produtos  -  Vidros<\/h1>\t\t\t\t<\/div>\n\t\t\t\t<\/div>\n\t\t\t\t\t<\/div>\n\t\t<\/div>\n\t\t\t\t\t<\/div>\n\t\t<\/section>\n\t\t\t\t<section class=\"elementor-section elementor-top-section elementor-element elementor-element-c88e5ea elementor-section-stretched elementor-section-content-top elementor-section-full_width elementor-section-height-default elementor-section-height-default\" data-id=\"c88e5ea\" data-element_type=\"section\" data-settings=\"{&quot;stretch_section&quot;:&quot;section-stretched&quot;}\">\n\t\t\t\t\t\t<div class=\"elementor-container elementor-column-gap-default\">\n\t\t\t\t\t<div class=\"elementor-column elementor-col-100 elementor-top-column elementor-element elementor-element-244cd56\" data-id=\"244cd56\" data-element_type=\"column\" data-settings=\"{&quot;background_background&quot;:&quot;classic&quot;}\">\n\t\t\t<div class=\"elementor-widget-wrap elementor-element-populated\">\n\t\t\t\t\t\t<div class=\"elementor-element elementor-element-d8f4db3 elementor-widget elementor-widget-heading\" data-id=\"d8f4db3\" data-element_type=\"widget\" data-widget_type=\"heading.default\">\n\t\t\t\t<div class=\"elementor-widget-container\">\n\t\t\t\t\t<h3 class=\"elementor-heading-title elementor-size-default\">Calc\u00e1rio Calc\u00edtico para Ind\u00fastria Vidreira<\/h3>\t\t\t\t<\/div>\n\t\t\t\t<\/div>\n\t\t\t\t\t<\/div>\n\t\t<\/div>\n\t\t\t\t\t<\/div>\n\t\t<\/section>\n\t\t\t\t<section class=\"elementor-section elementor-top-section elementor-element elementor-element-c71fbd1 elementor-section-content-top elementor-section-boxed elementor-section-height-default elementor-section-height-default\" data-id=\"c71fbd1\" data-element_type=\"section\">\n\t\t\t\t\t\t<div class=\"elementor-container elementor-column-gap-default\">\n\t\t\t\t\t<div class=\"elementor-column elementor-col-100 elementor-top-column elementor-element elementor-element-622bbe5\" data-id=\"622bbe5\" data-element_type=\"column\" data-settings=\"{&quot;background_background&quot;:&quot;classic&quot;}\">\n\t\t\t<div class=\"elementor-widget-wrap elementor-element-populated\">\n\t\t\t\t\t\t<div class=\"elementor-element elementor-element-ab41e48 elementor-widget elementor-widget-text-editor\" data-id=\"ab41e48\" data-element_type=\"widget\" data-widget_type=\"text-editor.default\">\n\t\t\t\t<div class=\"elementor-widget-container\">\n\t\t\t\t\t\t\t\t\t<p>O calc\u00e1rio calc\u00edtico \u00e9 um dos principais componentes na fabrica\u00e7\u00e3o de vidro, contribuindo para a melhoria da resist\u00eancia e<br \/>durabilidade do material. Ele \u00e9 utilizado como fonte de carbonato de c\u00e1lcio (CaCO3) no processo de produ\u00e7\u00e3o. Quando exposto a altas temperaturas, o calc\u00e1rio se decomp\u00f5e em \u00f3xido de c\u00e1lcio (CaO), que atua como fundente, diminuindo o ponto de fus\u00e3o da s\u00edlica. Al\u00e9m disso, \u00e9 essencial para o controle da viscosidade do vidro.<\/p>\t\t\t\t\t\t\t\t<\/div>\n\t\t\t\t<\/div>\n\t\t\t\t\t<\/div>\n\t\t<\/div>\n\t\t\t\t\t<\/div>\n\t\t<\/section>\n\t\t\t\t<\/div>","protected":false},"excerpt":{"rendered":"<p>Produtos &#8211; Vidros Calc\u00e1rio Calc\u00edtico para Ind\u00fastria Vidreira O calc\u00e1rio calc\u00edtico \u00e9 um dos principais componentes na fabrica\u00e7\u00e3o de vidro, contribuindo para a melhoria da&hellip;<\/p>","protected":false},"author":2,"featured_media":0,"parent":0,"menu_order":0,"comment_status":"closed","ping_status":"closed","template":"","meta":{"footnotes":""},"class_list":["post-2602","page","type-page","status-publish","hentry"],"yoast_head":"<!-- This site is optimized with the Yoast SEO plugin v24.8.1 - https:\/\/yoast.com\/wordpress\/plugins\/seo\/ -->\n<title>Vidros - Sandra<\/title>\n<meta name=\"robots\" content=\"index, follow, max-snippet:-1, max-image-preview:large, max-video-preview:-1\" \/>\n<link rel=\"canonical\" href=\"https:\/\/novo.sandramineracao.com.br\/en\/vidros\/\" \/>\n<meta property=\"og:locale\" content=\"en_US\" \/>\n<meta property=\"og:type\" content=\"article\" \/>\n<meta property=\"og:title\" content=\"Vidros - Sandra\" \/>\n<meta property=\"og:description\" content=\"Produtos &#8211; Vidros Calc\u00e1rio Calc\u00edtico para Ind\u00fastria Vidreira O calc\u00e1rio calc\u00edtico \u00e9 um dos principais componentes na fabrica\u00e7\u00e3o de vidro, contribuindo para a melhoria da&hellip;\" \/>\n<meta property=\"og:url\" content=\"https:\/\/novo.sandramineracao.com.br\/en\/vidros\/\" \/>\n<meta property=\"og:site_name\" content=\"Sandra\" \/>\n<meta property=\"article:publisher\" content=\"https:\/\/www.facebook.com\/cimentotupi.sa\" \/>\n<meta property=\"article:modified_time\" content=\"2025-03-27T10:25:58+00:00\" \/>\n<meta name=\"twitter:card\" content=\"summary_large_image\" \/>\n<meta name=\"twitter:label1\" content=\"Est. reading time\" \/>\n\t<meta name=\"twitter:data1\" content=\"1 minute\" \/>\n<script type=\"application\/ld+json\" class=\"yoast-schema-graph\">{\"@context\":\"https:\/\/schema.org\",\"@graph\":[{\"@type\":\"WebPage\",\"@id\":\"https:\/\/novo.sandramineracao.com.br\/vidros\/\",\"url\":\"https:\/\/novo.sandramineracao.com.br\/vidros\/\",\"name\":\"Vidros - Sandra\",\"isPartOf\":{\"@id\":\"https:\/\/novo.sandramineracao.com.br\/#website\"},\"datePublished\":\"2025-03-27T00:25:46+00:00\",\"dateModified\":\"2025-03-27T10:25:58+00:00\",\"breadcrumb\":{\"@id\":\"https:\/\/novo.sandramineracao.com.br\/vidros\/#breadcrumb\"},\"inLanguage\":\"en-US\",\"potentialAction\":[{\"@type\":\"ReadAction\",\"target\":[\"https:\/\/novo.sandramineracao.com.br\/vidros\/\"]}]},{\"@type\":\"BreadcrumbList\",\"@id\":\"https:\/\/novo.sandramineracao.com.br\/vidros\/#breadcrumb\",\"itemListElement\":[{\"@type\":\"ListItem\",\"position\":1,\"name\":\"In\u00edcio\",\"item\":\"https:\/\/novo.sandramineracao.com.br\/\"},{\"@type\":\"ListItem\",\"position\":2,\"name\":\"Vidros\"}]},{\"@type\":\"WebSite\",\"@id\":\"https:\/\/novo.sandramineracao.com.br\/#website\",\"url\":\"https:\/\/novo.sandramineracao.com.br\/\",\"name\":\"Sandra\",\"description\":\"Minera\u00e7\u00e3o com Qualidade\",\"publisher\":{\"@id\":\"https:\/\/novo.sandramineracao.com.br\/#organization\"},\"potentialAction\":[{\"@type\":\"SearchAction\",\"target\":{\"@type\":\"EntryPoint\",\"urlTemplate\":\"https:\/\/novo.sandramineracao.com.br\/?s={search_term_string}\"},\"query-input\":{\"@type\":\"PropertyValueSpecification\",\"valueRequired\":true,\"valueName\":\"search_term_string\"}}],\"inLanguage\":\"en-US\"},{\"@type\":\"Organization\",\"@id\":\"https:\/\/novo.sandramineracao.com.br\/#organization\",\"name\":\"Sandra\",\"url\":\"https:\/\/novo.sandramineracao.com.br\/\",\"logo\":{\"@type\":\"ImageObject\",\"inLanguage\":\"en-US\",\"@id\":\"https:\/\/novo.sandramineracao.com.br\/#\/schema\/logo\/image\/\",\"url\":\"https:\/\/novo.sandramineracao.com.br\/wp-content\/uploads\/2025\/02\/Logos_01-Logo-horizontal-Cores-oficiais.png\",\"contentUrl\":\"https:\/\/novo.sandramineracao.com.br\/wp-content\/uploads\/2025\/02\/Logos_01-Logo-horizontal-Cores-oficiais.png\",\"width\":2888,\"height\":998,\"caption\":\"Sandra\"},\"image\":{\"@id\":\"https:\/\/novo.sandramineracao.com.br\/#\/schema\/logo\/image\/\"},\"sameAs\":[\"https:\/\/www.facebook.com\/cimentotupi.sa\"]}]}<\/script>\n<!-- \/ Yoast SEO plugin. -->","yoast_head_json":{"title":"Vidros - Sandra","robots":{"index":"index","follow":"follow","max-snippet":"max-snippet:-1","max-image-preview":"max-image-preview:large","max-video-preview":"max-video-preview:-1"},"canonical":"https:\/\/novo.sandramineracao.com.br\/en\/vidros\/","og_locale":"en_US","og_type":"article","og_title":"Vidros - Sandra","og_description":"Produtos &#8211; Vidros Calc\u00e1rio Calc\u00edtico para Ind\u00fastria Vidreira O calc\u00e1rio calc\u00edtico \u00e9 um dos principais componentes na fabrica\u00e7\u00e3o de vidro, contribuindo para a melhoria da&hellip;","og_url":"https:\/\/novo.sandramineracao.com.br\/en\/vidros\/","og_site_name":"Sandra","article_publisher":"https:\/\/www.facebook.com\/cimentotupi.sa","article_modified_time":"2025-03-27T10:25:58+00:00","twitter_card":"summary_large_image","twitter_misc":{"Est. reading time":"1 minute"},"schema":{"@context":"https:\/\/schema.org","@graph":[{"@type":"WebPage","@id":"https:\/\/novo.sandramineracao.com.br\/vidros\/","url":"https:\/\/novo.sandramineracao.com.br\/vidros\/","name":"Vidros - Sandra","isPartOf":{"@id":"https:\/\/novo.sandramineracao.com.br\/#website"},"datePublished":"2025-03-27T00:25:46+00:00","dateModified":"2025-03-27T10:25:58+00:00","breadcrumb":{"@id":"https:\/\/novo.sandramineracao.com.br\/vidros\/#breadcrumb"},"inLanguage":"en-US","potentialAction":[{"@type":"ReadAction","target":["https:\/\/novo.sandramineracao.com.br\/vidros\/"]}]},{"@type":"BreadcrumbList","@id":"https:\/\/novo.sandramineracao.com.br\/vidros\/#breadcrumb","itemListElement":[{"@type":"ListItem","position":1,"name":"In\u00edcio","item":"https:\/\/novo.sandramineracao.com.br\/"},{"@type":"ListItem","position":2,"name":"Vidros"}]},{"@type":"WebSite","@id":"https:\/\/novo.sandramineracao.com.br\/#website","url":"https:\/\/novo.sandramineracao.com.br\/","name":"Sandra","description":"Minera\u00e7\u00e3o com Qualidade","publisher":{"@id":"https:\/\/novo.sandramineracao.com.br\/#organization"},"potentialAction":[{"@type":"SearchAction","target":{"@type":"EntryPoint","urlTemplate":"https:\/\/novo.sandramineracao.com.br\/?s={search_term_string}"},"query-input":{"@type":"PropertyValueSpecification","valueRequired":true,"valueName":"search_term_string"}}],"inLanguage":"en-US"},{"@type":"Organization","@id":"https:\/\/novo.sandramineracao.com.br\/#organization","name":"Sandra","url":"https:\/\/novo.sandramineracao.com.br\/","logo":{"@type":"ImageObject","inLanguage":"en-US","@id":"https:\/\/novo.sandramineracao.com.br\/#\/schema\/logo\/image\/","url":"https:\/\/novo.sandramineracao.com.br\/wp-content\/uploads\/2025\/02\/Logos_01-Logo-horizontal-Cores-oficiais.png","contentUrl":"https:\/\/novo.sandramineracao.com.br\/wp-content\/uploads\/2025\/02\/Logos_01-Logo-horizontal-Cores-oficiais.png","width":2888,"height":998,"caption":"Sandra"},"image":{"@id":"https:\/\/novo.sandramineracao.com.br\/#\/schema\/logo\/image\/"},"sameAs":["https:\/\/www.facebook.com\/cimentotupi.sa"]}]}},"_links":{"self":[{"href":"https:\/\/novo.sandramineracao.com.br\/en\/wp-json\/wp\/v2\/pages\/2602","targetHints":{"allow":["GET"]}}],"collection":[{"href":"https:\/\/novo.sandramineracao.com.br\/en\/wp-json\/wp\/v2\/pages"}],"about":[{"href":"https:\/\/novo.sandramineracao.com.br\/en\/wp-json\/wp\/v2\/types\/page"}],"author":[{"embeddable":true,"href":"https:\/\/novo.sandramineracao.com.br\/en\/wp-json\/wp\/v2\/users\/2"}],"replies":[{"embeddable":true,"href":"https:\/\/novo.sandramineracao.com.br\/en\/wp-json\/wp\/v2\/comments?post=2602"}],"version-history":[{"count":0,"href":"https:\/\/novo.sandramineracao.com.br\/en\/wp-json\/wp\/v2\/pages\/2602\/revisions"}],"wp:attachment":[{"href":"https:\/\/novo.sandramineracao.com.br\/en\/wp-json\/wp\/v2\/media?parent=2602"}],"curies":[{"name":"wp","href":"https:\/\/api.w.org\/{rel}","templated":true}]}}