{"id":2584,"date":"2025-03-26T20:42:52","date_gmt":"2025-03-26T23:42:52","guid":{"rendered":"http:\/\/novo.sandramineracao.com.br\/?page_id=2584"},"modified":"2025-03-27T07:19:52","modified_gmt":"2025-03-27T10:19:52","slug":"fundicao","status":"publish","type":"page","link":"https:\/\/novo.sandramineracao.com.br\/en\/fundicao\/","title":{"rendered":"Fundi\u00e7\u00e3o"},"content":{"rendered":"<div data-elementor-type=\"wp-page\" data-elementor-id=\"2584\" class=\"elementor elementor-2584\">\n\t\t\t\t\t\t<section class=\"elementor-section elementor-top-section elementor-element elementor-element-87c5b46 elementor-section-stretched elementor-section-content-middle elementor-section-boxed elementor-section-height-default elementor-section-height-default\" data-id=\"87c5b46\" data-element_type=\"section\" data-settings=\"{&quot;stretch_section&quot;:&quot;section-stretched&quot;,&quot;background_background&quot;:&quot;classic&quot;}\">\n\t\t\t\t\t\t<div class=\"elementor-container elementor-column-gap-default\">\n\t\t\t\t\t<div class=\"elementor-column elementor-col-100 elementor-top-column elementor-element elementor-element-3ea3c98\" data-id=\"3ea3c98\" data-element_type=\"column\">\n\t\t\t<div class=\"elementor-widget-wrap elementor-element-populated\">\n\t\t\t\t\t\t<div class=\"elementor-element elementor-element-5e042d4 elementor-widget elementor-widget-heading\" data-id=\"5e042d4\" data-element_type=\"widget\" data-widget_type=\"heading.default\">\n\t\t\t\t<div class=\"elementor-widget-container\">\n\t\t\t\t\t<h1 class=\"elementor-heading-title elementor-size-default\">Produtos - Fundi\u00e7\u00e3o<\/h1>\t\t\t\t<\/div>\n\t\t\t\t<\/div>\n\t\t\t\t\t<\/div>\n\t\t<\/div>\n\t\t\t\t\t<\/div>\n\t\t<\/section>\n\t\t\t\t<section class=\"elementor-section elementor-top-section elementor-element elementor-element-a5c7a9e elementor-section-stretched elementor-section-content-top elementor-section-full_width elementor-reverse-mobile elementor-section-height-default elementor-section-height-default\" data-id=\"a5c7a9e\" data-element_type=\"section\" data-settings=\"{&quot;stretch_section&quot;:&quot;section-stretched&quot;}\">\n\t\t\t\t\t\t<div class=\"elementor-container elementor-column-gap-default\">\n\t\t\t\t\t<div class=\"elementor-column elementor-col-100 elementor-top-column elementor-element elementor-element-41d9d67\" data-id=\"41d9d67\" data-element_type=\"column\">\n\t\t\t<div class=\"elementor-widget-wrap elementor-element-populated\">\n\t\t\t\t\t\t<div class=\"elementor-element elementor-element-a4fdf69 elementor-widget elementor-widget-heading\" data-id=\"a4fdf69\" data-element_type=\"widget\" data-widget_type=\"heading.default\">\n\t\t\t\t<div class=\"elementor-widget-container\">\n\t\t\t\t\t<h3 class=\"elementor-heading-title elementor-size-default\">Calc\u00e1rio para Fornos de Fundi\u00e7\u00e3o de Ferro<\/h3>\t\t\t\t<\/div>\n\t\t\t\t<\/div>\n\t\t\t\t\t<\/div>\n\t\t<\/div>\n\t\t\t\t\t<\/div>\n\t\t<\/section>\n\t\t\t\t<section class=\"elementor-section elementor-top-section elementor-element elementor-element-f877e35 elementor-section-content-top elementor-reverse-mobile elementor-section-boxed elementor-section-height-default elementor-section-height-default\" data-id=\"f877e35\" data-element_type=\"section\">\n\t\t\t\t\t\t<div class=\"elementor-container elementor-column-gap-default\">\n\t\t\t\t\t<div class=\"elementor-column elementor-col-100 elementor-top-column elementor-element elementor-element-fc94ab2\" data-id=\"fc94ab2\" data-element_type=\"column\">\n\t\t\t<div class=\"elementor-widget-wrap elementor-element-populated\">\n\t\t\t\t\t\t<div class=\"elementor-element elementor-element-fbd12dc elementor-widget elementor-widget-text-editor\" data-id=\"fbd12dc\" data-element_type=\"widget\" data-widget_type=\"text-editor.default\">\n\t\t\t\t<div class=\"elementor-widget-container\">\n\t\t\t\t\t\t\t\t\t<p style=\"text-align: left;\">Nos fornos de fundi\u00e7\u00e3o de ferro do tipo Cubilot, o calc\u00e1rio desempenha um papel essencial como fundente. Sua principal fun\u00e7\u00e3o \u00e9 auxiliar na remo\u00e7\u00e3o das impurezas presentes no min\u00e9rio de ferro e nas cinzas do combust\u00edvel utilizado durante o processo de fus\u00e3o. Impurezas como s\u00edlica (SiO2) e alumina (Al2O3) reagem com o calc\u00e1rio (CaCO3), formando esc\u00f3rias mais fluidas, que s\u00e3o facilmente separadas do ferro fundido.<\/p>\n<p>Al\u00e9m disso, o calc\u00e1rio ajuda a estabilizar a temperatura do forno, melhorando a qualidade do ferro fundido e contribuindo para a obten\u00e7\u00e3o de um produto final com menores quantidades de elementos indesej\u00e1veis e melhor controle da composi\u00e7\u00e3o qu\u00edmica.<\/p>\t\t\t\t\t\t\t\t<\/div>\n\t\t\t\t<\/div>\n\t\t\t\t\t<\/div>\n\t\t<\/div>\n\t\t\t\t\t<\/div>\n\t\t<\/section>\n\t\t\t\t<\/div>","protected":false},"excerpt":{"rendered":"<p>Produtos &#8211; Fundi\u00e7\u00e3o Calc\u00e1rio para Fornos de Fundi\u00e7\u00e3o de Ferro Nos fornos de fundi\u00e7\u00e3o de ferro do tipo Cubilot, o calc\u00e1rio desempenha um papel essencial&hellip;<\/p>","protected":false},"author":2,"featured_media":0,"parent":0,"menu_order":0,"comment_status":"closed","ping_status":"closed","template":"","meta":{"footnotes":""},"class_list":["post-2584","page","type-page","status-publish","hentry"],"yoast_head":"<!-- This site is optimized with the Yoast SEO plugin v24.8.1 - https:\/\/yoast.com\/wordpress\/plugins\/seo\/ -->\n<title>Fundi\u00e7\u00e3o - Sandra<\/title>\n<meta name=\"robots\" content=\"index, follow, max-snippet:-1, max-image-preview:large, max-video-preview:-1\" \/>\n<link rel=\"canonical\" href=\"https:\/\/novo.sandramineracao.com.br\/en\/fundicao\/\" \/>\n<meta property=\"og:locale\" content=\"en_US\" \/>\n<meta property=\"og:type\" content=\"article\" \/>\n<meta property=\"og:title\" content=\"Fundi\u00e7\u00e3o - Sandra\" \/>\n<meta property=\"og:description\" content=\"Produtos &#8211; Fundi\u00e7\u00e3o Calc\u00e1rio para Fornos de Fundi\u00e7\u00e3o de Ferro Nos fornos de fundi\u00e7\u00e3o de ferro do tipo Cubilot, o calc\u00e1rio desempenha um papel essencial&hellip;\" \/>\n<meta property=\"og:url\" content=\"https:\/\/novo.sandramineracao.com.br\/en\/fundicao\/\" \/>\n<meta property=\"og:site_name\" content=\"Sandra\" \/>\n<meta property=\"article:publisher\" content=\"https:\/\/www.facebook.com\/cimentotupi.sa\" \/>\n<meta property=\"article:modified_time\" content=\"2025-03-27T10:19:52+00:00\" \/>\n<meta name=\"twitter:card\" content=\"summary_large_image\" \/>\n<meta name=\"twitter:label1\" content=\"Est. reading time\" \/>\n\t<meta name=\"twitter:data1\" content=\"1 minute\" \/>\n<script type=\"application\/ld+json\" class=\"yoast-schema-graph\">{\"@context\":\"https:\/\/schema.org\",\"@graph\":[{\"@type\":\"WebPage\",\"@id\":\"https:\/\/novo.sandramineracao.com.br\/fundicao\/\",\"url\":\"https:\/\/novo.sandramineracao.com.br\/fundicao\/\",\"name\":\"Fundi\u00e7\u00e3o - Sandra\",\"isPartOf\":{\"@id\":\"https:\/\/novo.sandramineracao.com.br\/#website\"},\"datePublished\":\"2025-03-26T23:42:52+00:00\",\"dateModified\":\"2025-03-27T10:19:52+00:00\",\"breadcrumb\":{\"@id\":\"https:\/\/novo.sandramineracao.com.br\/fundicao\/#breadcrumb\"},\"inLanguage\":\"en-US\",\"potentialAction\":[{\"@type\":\"ReadAction\",\"target\":[\"https:\/\/novo.sandramineracao.com.br\/fundicao\/\"]}]},{\"@type\":\"BreadcrumbList\",\"@id\":\"https:\/\/novo.sandramineracao.com.br\/fundicao\/#breadcrumb\",\"itemListElement\":[{\"@type\":\"ListItem\",\"position\":1,\"name\":\"In\u00edcio\",\"item\":\"https:\/\/novo.sandramineracao.com.br\/\"},{\"@type\":\"ListItem\",\"position\":2,\"name\":\"Fundi\u00e7\u00e3o\"}]},{\"@type\":\"WebSite\",\"@id\":\"https:\/\/novo.sandramineracao.com.br\/#website\",\"url\":\"https:\/\/novo.sandramineracao.com.br\/\",\"name\":\"Sandra\",\"description\":\"Minera\u00e7\u00e3o com Qualidade\",\"publisher\":{\"@id\":\"https:\/\/novo.sandramineracao.com.br\/#organization\"},\"potentialAction\":[{\"@type\":\"SearchAction\",\"target\":{\"@type\":\"EntryPoint\",\"urlTemplate\":\"https:\/\/novo.sandramineracao.com.br\/?s={search_term_string}\"},\"query-input\":{\"@type\":\"PropertyValueSpecification\",\"valueRequired\":true,\"valueName\":\"search_term_string\"}}],\"inLanguage\":\"en-US\"},{\"@type\":\"Organization\",\"@id\":\"https:\/\/novo.sandramineracao.com.br\/#organization\",\"name\":\"Sandra\",\"url\":\"https:\/\/novo.sandramineracao.com.br\/\",\"logo\":{\"@type\":\"ImageObject\",\"inLanguage\":\"en-US\",\"@id\":\"https:\/\/novo.sandramineracao.com.br\/#\/schema\/logo\/image\/\",\"url\":\"https:\/\/novo.sandramineracao.com.br\/wp-content\/uploads\/2025\/02\/Logos_01-Logo-horizontal-Cores-oficiais.png\",\"contentUrl\":\"https:\/\/novo.sandramineracao.com.br\/wp-content\/uploads\/2025\/02\/Logos_01-Logo-horizontal-Cores-oficiais.png\",\"width\":2888,\"height\":998,\"caption\":\"Sandra\"},\"image\":{\"@id\":\"https:\/\/novo.sandramineracao.com.br\/#\/schema\/logo\/image\/\"},\"sameAs\":[\"https:\/\/www.facebook.com\/cimentotupi.sa\"]}]}<\/script>\n<!-- \/ Yoast SEO plugin. -->","yoast_head_json":{"title":"Fundi\u00e7\u00e3o - Sandra","robots":{"index":"index","follow":"follow","max-snippet":"max-snippet:-1","max-image-preview":"max-image-preview:large","max-video-preview":"max-video-preview:-1"},"canonical":"https:\/\/novo.sandramineracao.com.br\/en\/fundicao\/","og_locale":"en_US","og_type":"article","og_title":"Fundi\u00e7\u00e3o - Sandra","og_description":"Produtos &#8211; Fundi\u00e7\u00e3o Calc\u00e1rio para Fornos de Fundi\u00e7\u00e3o de Ferro Nos fornos de fundi\u00e7\u00e3o de ferro do tipo Cubilot, o calc\u00e1rio desempenha um papel essencial&hellip;","og_url":"https:\/\/novo.sandramineracao.com.br\/en\/fundicao\/","og_site_name":"Sandra","article_publisher":"https:\/\/www.facebook.com\/cimentotupi.sa","article_modified_time":"2025-03-27T10:19:52+00:00","twitter_card":"summary_large_image","twitter_misc":{"Est. reading time":"1 minute"},"schema":{"@context":"https:\/\/schema.org","@graph":[{"@type":"WebPage","@id":"https:\/\/novo.sandramineracao.com.br\/fundicao\/","url":"https:\/\/novo.sandramineracao.com.br\/fundicao\/","name":"Fundi\u00e7\u00e3o - Sandra","isPartOf":{"@id":"https:\/\/novo.sandramineracao.com.br\/#website"},"datePublished":"2025-03-26T23:42:52+00:00","dateModified":"2025-03-27T10:19:52+00:00","breadcrumb":{"@id":"https:\/\/novo.sandramineracao.com.br\/fundicao\/#breadcrumb"},"inLanguage":"en-US","potentialAction":[{"@type":"ReadAction","target":["https:\/\/novo.sandramineracao.com.br\/fundicao\/"]}]},{"@type":"BreadcrumbList","@id":"https:\/\/novo.sandramineracao.com.br\/fundicao\/#breadcrumb","itemListElement":[{"@type":"ListItem","position":1,"name":"In\u00edcio","item":"https:\/\/novo.sandramineracao.com.br\/"},{"@type":"ListItem","position":2,"name":"Fundi\u00e7\u00e3o"}]},{"@type":"WebSite","@id":"https:\/\/novo.sandramineracao.com.br\/#website","url":"https:\/\/novo.sandramineracao.com.br\/","name":"Sandra","description":"Minera\u00e7\u00e3o com Qualidade","publisher":{"@id":"https:\/\/novo.sandramineracao.com.br\/#organization"},"potentialAction":[{"@type":"SearchAction","target":{"@type":"EntryPoint","urlTemplate":"https:\/\/novo.sandramineracao.com.br\/?s={search_term_string}"},"query-input":{"@type":"PropertyValueSpecification","valueRequired":true,"valueName":"search_term_string"}}],"inLanguage":"en-US"},{"@type":"Organization","@id":"https:\/\/novo.sandramineracao.com.br\/#organization","name":"Sandra","url":"https:\/\/novo.sandramineracao.com.br\/","logo":{"@type":"ImageObject","inLanguage":"en-US","@id":"https:\/\/novo.sandramineracao.com.br\/#\/schema\/logo\/image\/","url":"https:\/\/novo.sandramineracao.com.br\/wp-content\/uploads\/2025\/02\/Logos_01-Logo-horizontal-Cores-oficiais.png","contentUrl":"https:\/\/novo.sandramineracao.com.br\/wp-content\/uploads\/2025\/02\/Logos_01-Logo-horizontal-Cores-oficiais.png","width":2888,"height":998,"caption":"Sandra"},"image":{"@id":"https:\/\/novo.sandramineracao.com.br\/#\/schema\/logo\/image\/"},"sameAs":["https:\/\/www.facebook.com\/cimentotupi.sa"]}]}},"_links":{"self":[{"href":"https:\/\/novo.sandramineracao.com.br\/en\/wp-json\/wp\/v2\/pages\/2584","targetHints":{"allow":["GET"]}}],"collection":[{"href":"https:\/\/novo.sandramineracao.com.br\/en\/wp-json\/wp\/v2\/pages"}],"about":[{"href":"https:\/\/novo.sandramineracao.com.br\/en\/wp-json\/wp\/v2\/types\/page"}],"author":[{"embeddable":true,"href":"https:\/\/novo.sandramineracao.com.br\/en\/wp-json\/wp\/v2\/users\/2"}],"replies":[{"embeddable":true,"href":"https:\/\/novo.sandramineracao.com.br\/en\/wp-json\/wp\/v2\/comments?post=2584"}],"version-history":[{"count":0,"href":"https:\/\/novo.sandramineracao.com.br\/en\/wp-json\/wp\/v2\/pages\/2584\/revisions"}],"wp:attachment":[{"href":"https:\/\/novo.sandramineracao.com.br\/en\/wp-json\/wp\/v2\/media?parent=2584"}],"curies":[{"name":"wp","href":"https:\/\/api.w.org\/{rel}","templated":true}]}}