{"id":2472,"date":"2025-02-07T16:21:21","date_gmt":"2025-02-07T19:21:21","guid":{"rendered":"http:\/\/novo.sandramineracao.com.br\/?page_id=2472"},"modified":"2025-03-27T13:19:23","modified_gmt":"2025-03-27T16:19:23","slug":"agropecuaria","status":"publish","type":"page","link":"https:\/\/novo.sandramineracao.com.br\/en\/agropecuaria\/","title":{"rendered":"Agropecu\u00e1ria"},"content":{"rendered":"<div data-elementor-type=\"wp-page\" data-elementor-id=\"2472\" class=\"elementor elementor-2472\">\n\t\t\t\t\t\t<section class=\"elementor-section elementor-top-section elementor-element elementor-element-87c5b46 elementor-section-stretched elementor-section-content-middle elementor-section-boxed elementor-section-height-default elementor-section-height-default\" data-id=\"87c5b46\" data-element_type=\"section\" data-settings=\"{&quot;stretch_section&quot;:&quot;section-stretched&quot;,&quot;background_background&quot;:&quot;classic&quot;}\">\n\t\t\t\t\t\t<div class=\"elementor-container elementor-column-gap-default\">\n\t\t\t\t\t<div class=\"elementor-column elementor-col-100 elementor-top-column elementor-element elementor-element-3ea3c98\" data-id=\"3ea3c98\" data-element_type=\"column\">\n\t\t\t<div class=\"elementor-widget-wrap elementor-element-populated\">\n\t\t\t\t\t\t<div class=\"elementor-element elementor-element-5e042d4 elementor-widget elementor-widget-heading\" data-id=\"5e042d4\" data-element_type=\"widget\" data-widget_type=\"heading.default\">\n\t\t\t\t<div class=\"elementor-widget-container\">\n\t\t\t\t\t<h1 class=\"elementor-heading-title elementor-size-default\">Produtos  -  agricultura<\/h1>\t\t\t\t<\/div>\n\t\t\t\t<\/div>\n\t\t\t\t\t<\/div>\n\t\t<\/div>\n\t\t\t\t\t<\/div>\n\t\t<\/section>\n\t\t\t\t<section class=\"elementor-section elementor-top-section elementor-element elementor-element-c88e5ea elementor-section-stretched elementor-section-content-top elementor-section-full_width elementor-section-height-default elementor-section-height-default\" data-id=\"c88e5ea\" data-element_type=\"section\" data-settings=\"{&quot;stretch_section&quot;:&quot;section-stretched&quot;}\">\n\t\t\t\t\t\t<div class=\"elementor-container elementor-column-gap-default\">\n\t\t\t\t\t<div class=\"elementor-column elementor-col-100 elementor-top-column elementor-element elementor-element-244cd56\" data-id=\"244cd56\" data-element_type=\"column\" data-settings=\"{&quot;background_background&quot;:&quot;classic&quot;}\">\n\t\t\t<div class=\"elementor-widget-wrap elementor-element-populated\">\n\t\t\t\t\t\t<div class=\"elementor-element elementor-element-d8f4db3 elementor-widget elementor-widget-heading\" data-id=\"d8f4db3\" data-element_type=\"widget\" data-widget_type=\"heading.default\">\n\t\t\t\t<div class=\"elementor-widget-container\">\n\t\t\t\t\t<h3 class=\"elementor-heading-title elementor-size-default\">Calc\u00e1rio Agr\u00edcola<\/h3>\t\t\t\t<\/div>\n\t\t\t\t<\/div>\n\t\t\t\t\t<\/div>\n\t\t<\/div>\n\t\t\t\t\t<\/div>\n\t\t<\/section>\n\t\t\t\t<section class=\"elementor-section elementor-top-section elementor-element elementor-element-ef5be47 elementor-section-content-top elementor-section-boxed elementor-section-height-default elementor-section-height-default\" data-id=\"ef5be47\" data-element_type=\"section\">\n\t\t\t\t\t\t<div class=\"elementor-container elementor-column-gap-default\">\n\t\t\t\t\t<div class=\"elementor-column elementor-col-100 elementor-top-column elementor-element elementor-element-61d85e7\" data-id=\"61d85e7\" data-element_type=\"column\" data-settings=\"{&quot;background_background&quot;:&quot;classic&quot;}\">\n\t\t\t<div class=\"elementor-widget-wrap elementor-element-populated\">\n\t\t\t\t\t\t<div class=\"elementor-element elementor-element-7aa8369 elementor-widget elementor-widget-text-editor\" data-id=\"7aa8369\" data-element_type=\"widget\" data-widget_type=\"text-editor.default\">\n\t\t\t\t<div class=\"elementor-widget-container\">\n\t\t\t\t\t\t\t\t\t<h4>Dosagem adequada<\/h4><p>A dosagem de calc\u00e1rio agr\u00edcola varia de acordo com o tipo de solo, cultura e n\u00edvel de acidez. Geralmente, recomenda-se aplicar de 2 a 4 toneladas de calc\u00e1rio por hectare para cada unidade de pH que se deseja elevar. No entanto, \u00e9 importante respeitar as recomenda\u00e7\u00f5es espec\u00edficas para cada cultura, levando em considera\u00e7\u00e3o as caracter\u00edsticas do solo e as exig\u00eancias nutricionais das plantas.<\/p><p>Evite supercalagem, pois o excesso de calc\u00e1rio pode prejudicar a absor\u00e7\u00e3o de nutrientes.<\/p><h4>Aplica\u00e7\u00e3o<\/h4><p>Sua aplica\u00e7\u00e3o pode ser feita em diferentes momentos, sendo a incorpora\u00e7\u00e3o antes do plantio ou a lan\u00e7o no solo j\u00e1 cultivado as formas mais comuns. A escolha do momento de aplica\u00e7\u00e3o depender\u00e1 das pr\u00e1ticas agr\u00edcolas adotadas e das recomenda\u00e7\u00f5es t\u00e9cnicas para cada cultura.<\/p><p>Muitos agricultores optam por fazer essa aplica\u00e7\u00e3o no outono ou na primavera, quando o solo est\u00e1 mais \u00famido e as chuvas ajudam a incorporar a cal. Planeje com anteced\u00eancia para garantir que a aplica\u00e7\u00e3o ocorra no momento ideal. Para garantir tamb\u00e9m uma distribui\u00e7\u00e3o uniforme, \u00e9 recomendado o uso de equipamentos adequados, como distribuidores de calc\u00e1rio.<\/p><p>Ap\u00f3s sua aplica\u00e7\u00e3o, monitore regularmente o pH do solo e a resposta das plantas. Se necess\u00e1rio, fa\u00e7a ajustes nas dosagens em safras futuras para manter o solo na faixa de pH desejada.<\/p><h4>Entendendo as necessidades do seu neg\u00f3cio<\/h4><p>A utiliza\u00e7\u00e3o do calc\u00e1rio nas atividades de agropecu\u00e1ria contribui com o aumento da produtividade nos cultivos, pois corrige o ph do solo, fornece c\u00e1lcio e magn\u00e9sio (macronutrientes essenciais para o desenvolvimento das plantas) , diminui a fixa\u00e7\u00e3o do f\u00f3sforo, neutraliza os \u00edons de hidrog\u00eanio positivo, al\u00e9m de melhorar a estrutura do solo permitindo uma melhor infiltra\u00e7\u00e3o de \u00e1gua, circula\u00e7\u00e3o de ar e estimula o crescimento das ra\u00edzes das plantas.<\/p><p>Para escolher o calc\u00e1rio ideal deve ser considerada a an\u00e1lise do solo, as necessidades de nutrientes de cada cultivo.<\/p><p>Dever ser observado o Poder Residual de Neutraliza\u00e7\u00e3o Total (PRNT) do calc\u00e1rio, quanto maior o PRNT do calc\u00e1rio, mais r\u00e1pida \u00e9 a rea\u00e7\u00e3o no solo.<\/p>\t\t\t\t\t\t\t\t<\/div>\n\t\t\t\t<\/div>\n\t\t\t\t\t<\/div>\n\t\t<\/div>\n\t\t\t\t\t<\/div>\n\t\t<\/section>\n\t\t\t\t<section class=\"elementor-section elementor-top-section elementor-element elementor-element-5899426 elementor-section-stretched elementor-section-content-top elementor-section-full_width elementor-section-height-default elementor-section-height-default\" data-id=\"5899426\" data-element_type=\"section\" data-settings=\"{&quot;stretch_section&quot;:&quot;section-stretched&quot;}\">\n\t\t\t\t\t\t<div class=\"elementor-container elementor-column-gap-default\">\n\t\t\t\t\t<div class=\"elementor-column elementor-col-100 elementor-top-column elementor-element elementor-element-c007cce\" data-id=\"c007cce\" data-element_type=\"column\" data-settings=\"{&quot;background_background&quot;:&quot;classic&quot;}\">\n\t\t\t<div class=\"elementor-widget-wrap elementor-element-populated\">\n\t\t\t\t\t\t<div class=\"elementor-element elementor-element-8806342 elementor-widget elementor-widget-heading\" data-id=\"8806342\" data-element_type=\"widget\" data-widget_type=\"heading.default\">\n\t\t\t\t<div class=\"elementor-widget-container\">\n\t\t\t\t\t<h3 class=\"elementor-heading-title elementor-size-default\">Ra\u00e7\u00e3o Animal<\/h3>\t\t\t\t<\/div>\n\t\t\t\t<\/div>\n\t\t\t\t\t<\/div>\n\t\t<\/div>\n\t\t\t\t\t<\/div>\n\t\t<\/section>\n\t\t\t\t<section class=\"elementor-section elementor-top-section elementor-element elementor-element-edf19b8 elementor-section-content-top elementor-section-boxed elementor-section-height-default elementor-section-height-default\" data-id=\"edf19b8\" data-element_type=\"section\">\n\t\t\t\t\t\t<div class=\"elementor-container elementor-column-gap-default\">\n\t\t\t\t\t<div class=\"elementor-column elementor-col-100 elementor-top-column elementor-element elementor-element-2b02901\" data-id=\"2b02901\" data-element_type=\"column\" data-settings=\"{&quot;background_background&quot;:&quot;classic&quot;}\">\n\t\t\t<div class=\"elementor-widget-wrap elementor-element-populated\">\n\t\t\t\t\t\t<div class=\"elementor-element elementor-element-4ee28b6 elementor-widget elementor-widget-text-editor\" data-id=\"4ee28b6\" data-element_type=\"widget\" data-widget_type=\"text-editor.default\">\n\t\t\t\t<div class=\"elementor-widget-container\">\n\t\t\t\t\t\t\t\t\t<p><br \/>O calc\u00e1rio calc\u00edtico (CaCO3 &#8211; carbonato de c\u00e1lcio), fonte natural de c\u00e1cio \u00e9 utilizado para alimenta\u00e7\u00e3o animal (pecu\u00e1ria e avicultura) como suplemento mineral, especialmente na pecu\u00e1ria, fortalecimento das estruturas \u00f3sseas e na avicultura, produ\u00e7\u00e3o de ovos. Al\u00e9m disso, o calc\u00e1rio calc\u00edtico ajuda na regula\u00e7\u00e3o do pH no trato digestivo dos animais, favorecendo uma melhor absor\u00e7\u00e3o de nutrientes.<\/p>\t\t\t\t\t\t\t\t<\/div>\n\t\t\t\t<\/div>\n\t\t\t\t\t<\/div>\n\t\t<\/div>\n\t\t\t\t\t<\/div>\n\t\t<\/section>\n\t\t\t\t<\/div>","protected":false},"excerpt":{"rendered":"<p>Produtos &#8211; agricultura Calc\u00e1rio Agr\u00edcola Dosagem adequada A dosagem de calc\u00e1rio agr\u00edcola varia de acordo com o tipo de solo, cultura e n\u00edvel de acidez.&hellip;<\/p>","protected":false},"author":2,"featured_media":0,"parent":0,"menu_order":0,"comment_status":"closed","ping_status":"closed","template":"","meta":{"footnotes":""},"class_list":["post-2472","page","type-page","status-publish","hentry"],"yoast_head":"<!-- This site is optimized with the Yoast SEO plugin v24.8.1 - https:\/\/yoast.com\/wordpress\/plugins\/seo\/ -->\n<title>Agropecu\u00e1ria - Sandra<\/title>\n<meta name=\"robots\" content=\"index, follow, max-snippet:-1, max-image-preview:large, max-video-preview:-1\" \/>\n<link rel=\"canonical\" href=\"https:\/\/novo.sandramineracao.com.br\/en\/agropecuaria\/\" \/>\n<meta property=\"og:locale\" content=\"en_US\" \/>\n<meta property=\"og:type\" content=\"article\" \/>\n<meta property=\"og:title\" content=\"Agropecu\u00e1ria - Sandra\" \/>\n<meta property=\"og:description\" content=\"Produtos &#8211; agricultura Calc\u00e1rio Agr\u00edcola Dosagem adequada A dosagem de calc\u00e1rio agr\u00edcola varia de acordo com o tipo de solo, cultura e n\u00edvel de acidez.&hellip;\" \/>\n<meta property=\"og:url\" content=\"https:\/\/novo.sandramineracao.com.br\/en\/agropecuaria\/\" \/>\n<meta property=\"og:site_name\" content=\"Sandra\" \/>\n<meta property=\"article:publisher\" content=\"https:\/\/www.facebook.com\/cimentotupi.sa\" \/>\n<meta property=\"article:modified_time\" content=\"2025-03-27T16:19:23+00:00\" \/>\n<meta name=\"twitter:card\" content=\"summary_large_image\" \/>\n<meta name=\"twitter:label1\" content=\"Est. reading time\" \/>\n\t<meta name=\"twitter:data1\" content=\"3 minutes\" \/>\n<script type=\"application\/ld+json\" class=\"yoast-schema-graph\">{\"@context\":\"https:\/\/schema.org\",\"@graph\":[{\"@type\":\"WebPage\",\"@id\":\"https:\/\/novo.sandramineracao.com.br\/agropecuaria\/\",\"url\":\"https:\/\/novo.sandramineracao.com.br\/agropecuaria\/\",\"name\":\"Agropecu\u00e1ria - Sandra\",\"isPartOf\":{\"@id\":\"https:\/\/novo.sandramineracao.com.br\/#website\"},\"datePublished\":\"2025-02-07T19:21:21+00:00\",\"dateModified\":\"2025-03-27T16:19:23+00:00\",\"breadcrumb\":{\"@id\":\"https:\/\/novo.sandramineracao.com.br\/agropecuaria\/#breadcrumb\"},\"inLanguage\":\"en-US\",\"potentialAction\":[{\"@type\":\"ReadAction\",\"target\":[\"https:\/\/novo.sandramineracao.com.br\/agropecuaria\/\"]}]},{\"@type\":\"BreadcrumbList\",\"@id\":\"https:\/\/novo.sandramineracao.com.br\/agropecuaria\/#breadcrumb\",\"itemListElement\":[{\"@type\":\"ListItem\",\"position\":1,\"name\":\"In\u00edcio\",\"item\":\"https:\/\/novo.sandramineracao.com.br\/\"},{\"@type\":\"ListItem\",\"position\":2,\"name\":\"Agropecu\u00e1ria\"}]},{\"@type\":\"WebSite\",\"@id\":\"https:\/\/novo.sandramineracao.com.br\/#website\",\"url\":\"https:\/\/novo.sandramineracao.com.br\/\",\"name\":\"Sandra\",\"description\":\"Minera\u00e7\u00e3o com Qualidade\",\"publisher\":{\"@id\":\"https:\/\/novo.sandramineracao.com.br\/#organization\"},\"potentialAction\":[{\"@type\":\"SearchAction\",\"target\":{\"@type\":\"EntryPoint\",\"urlTemplate\":\"https:\/\/novo.sandramineracao.com.br\/?s={search_term_string}\"},\"query-input\":{\"@type\":\"PropertyValueSpecification\",\"valueRequired\":true,\"valueName\":\"search_term_string\"}}],\"inLanguage\":\"en-US\"},{\"@type\":\"Organization\",\"@id\":\"https:\/\/novo.sandramineracao.com.br\/#organization\",\"name\":\"Sandra\",\"url\":\"https:\/\/novo.sandramineracao.com.br\/\",\"logo\":{\"@type\":\"ImageObject\",\"inLanguage\":\"en-US\",\"@id\":\"https:\/\/novo.sandramineracao.com.br\/#\/schema\/logo\/image\/\",\"url\":\"https:\/\/novo.sandramineracao.com.br\/wp-content\/uploads\/2025\/02\/Logos_01-Logo-horizontal-Cores-oficiais.png\",\"contentUrl\":\"https:\/\/novo.sandramineracao.com.br\/wp-content\/uploads\/2025\/02\/Logos_01-Logo-horizontal-Cores-oficiais.png\",\"width\":2888,\"height\":998,\"caption\":\"Sandra\"},\"image\":{\"@id\":\"https:\/\/novo.sandramineracao.com.br\/#\/schema\/logo\/image\/\"},\"sameAs\":[\"https:\/\/www.facebook.com\/cimentotupi.sa\"]}]}<\/script>\n<!-- \/ Yoast SEO plugin. -->","yoast_head_json":{"title":"Agropecu\u00e1ria - Sandra","robots":{"index":"index","follow":"follow","max-snippet":"max-snippet:-1","max-image-preview":"max-image-preview:large","max-video-preview":"max-video-preview:-1"},"canonical":"https:\/\/novo.sandramineracao.com.br\/en\/agropecuaria\/","og_locale":"en_US","og_type":"article","og_title":"Agropecu\u00e1ria - Sandra","og_description":"Produtos &#8211; agricultura Calc\u00e1rio Agr\u00edcola Dosagem adequada A dosagem de calc\u00e1rio agr\u00edcola varia de acordo com o tipo de solo, cultura e n\u00edvel de acidez.&hellip;","og_url":"https:\/\/novo.sandramineracao.com.br\/en\/agropecuaria\/","og_site_name":"Sandra","article_publisher":"https:\/\/www.facebook.com\/cimentotupi.sa","article_modified_time":"2025-03-27T16:19:23+00:00","twitter_card":"summary_large_image","twitter_misc":{"Est. reading time":"3 minutes"},"schema":{"@context":"https:\/\/schema.org","@graph":[{"@type":"WebPage","@id":"https:\/\/novo.sandramineracao.com.br\/agropecuaria\/","url":"https:\/\/novo.sandramineracao.com.br\/agropecuaria\/","name":"Agropecu\u00e1ria - Sandra","isPartOf":{"@id":"https:\/\/novo.sandramineracao.com.br\/#website"},"datePublished":"2025-02-07T19:21:21+00:00","dateModified":"2025-03-27T16:19:23+00:00","breadcrumb":{"@id":"https:\/\/novo.sandramineracao.com.br\/agropecuaria\/#breadcrumb"},"inLanguage":"en-US","potentialAction":[{"@type":"ReadAction","target":["https:\/\/novo.sandramineracao.com.br\/agropecuaria\/"]}]},{"@type":"BreadcrumbList","@id":"https:\/\/novo.sandramineracao.com.br\/agropecuaria\/#breadcrumb","itemListElement":[{"@type":"ListItem","position":1,"name":"In\u00edcio","item":"https:\/\/novo.sandramineracao.com.br\/"},{"@type":"ListItem","position":2,"name":"Agropecu\u00e1ria"}]},{"@type":"WebSite","@id":"https:\/\/novo.sandramineracao.com.br\/#website","url":"https:\/\/novo.sandramineracao.com.br\/","name":"Sandra","description":"Minera\u00e7\u00e3o com Qualidade","publisher":{"@id":"https:\/\/novo.sandramineracao.com.br\/#organization"},"potentialAction":[{"@type":"SearchAction","target":{"@type":"EntryPoint","urlTemplate":"https:\/\/novo.sandramineracao.com.br\/?s={search_term_string}"},"query-input":{"@type":"PropertyValueSpecification","valueRequired":true,"valueName":"search_term_string"}}],"inLanguage":"en-US"},{"@type":"Organization","@id":"https:\/\/novo.sandramineracao.com.br\/#organization","name":"Sandra","url":"https:\/\/novo.sandramineracao.com.br\/","logo":{"@type":"ImageObject","inLanguage":"en-US","@id":"https:\/\/novo.sandramineracao.com.br\/#\/schema\/logo\/image\/","url":"https:\/\/novo.sandramineracao.com.br\/wp-content\/uploads\/2025\/02\/Logos_01-Logo-horizontal-Cores-oficiais.png","contentUrl":"https:\/\/novo.sandramineracao.com.br\/wp-content\/uploads\/2025\/02\/Logos_01-Logo-horizontal-Cores-oficiais.png","width":2888,"height":998,"caption":"Sandra"},"image":{"@id":"https:\/\/novo.sandramineracao.com.br\/#\/schema\/logo\/image\/"},"sameAs":["https:\/\/www.facebook.com\/cimentotupi.sa"]}]}},"_links":{"self":[{"href":"https:\/\/novo.sandramineracao.com.br\/en\/wp-json\/wp\/v2\/pages\/2472","targetHints":{"allow":["GET"]}}],"collection":[{"href":"https:\/\/novo.sandramineracao.com.br\/en\/wp-json\/wp\/v2\/pages"}],"about":[{"href":"https:\/\/novo.sandramineracao.com.br\/en\/wp-json\/wp\/v2\/types\/page"}],"author":[{"embeddable":true,"href":"https:\/\/novo.sandramineracao.com.br\/en\/wp-json\/wp\/v2\/users\/2"}],"replies":[{"embeddable":true,"href":"https:\/\/novo.sandramineracao.com.br\/en\/wp-json\/wp\/v2\/comments?post=2472"}],"version-history":[{"count":0,"href":"https:\/\/novo.sandramineracao.com.br\/en\/wp-json\/wp\/v2\/pages\/2472\/revisions"}],"wp:attachment":[{"href":"https:\/\/novo.sandramineracao.com.br\/en\/wp-json\/wp\/v2\/media?parent=2472"}],"curies":[{"name":"wp","href":"https:\/\/api.w.org\/{rel}","templated":true}]}}