{"id":1144,"date":"2022-11-14T16:16:02","date_gmt":"2022-11-14T19:16:02","guid":{"rendered":"http:\/\/cimentotupi.com.br\/?page_id=1144"},"modified":"2025-02-06T13:52:03","modified_gmt":"2025-02-06T16:52:03","slug":"social-ambiental","status":"publish","type":"page","link":"https:\/\/novo.sandramineracao.com.br\/en\/social-ambiental\/","title":{"rendered":"Social and Environmental"},"content":{"rendered":"<div data-elementor-type=\"wp-page\" data-elementor-id=\"1144\" class=\"elementor elementor-1144\">\n\t\t\t\t\t\t<section class=\"elementor-section elementor-top-section elementor-element elementor-element-50ec605 elementor-section-stretched elementor-section-content-middle elementor-section-boxed elementor-section-height-default elementor-section-height-default\" data-id=\"50ec605\" data-element_type=\"section\" data-settings=\"{&quot;stretch_section&quot;:&quot;section-stretched&quot;,&quot;background_background&quot;:&quot;classic&quot;}\">\n\t\t\t\t\t\t<div class=\"elementor-container elementor-column-gap-default\">\n\t\t\t\t\t<div class=\"elementor-column elementor-col-100 elementor-top-column elementor-element elementor-element-fc53c76\" data-id=\"fc53c76\" data-element_type=\"column\">\n\t\t\t<div class=\"elementor-widget-wrap elementor-element-populated\">\n\t\t\t\t\t\t<div class=\"elementor-element elementor-element-0550eb5 elementor-widget elementor-widget-heading\" data-id=\"0550eb5\" data-element_type=\"widget\" data-widget_type=\"heading.default\">\n\t\t\t\t<div class=\"elementor-widget-container\">\n\t\t\t\t\t<h1 class=\"elementor-heading-title elementor-size-default\">Responsabilidade Socioambiental\u200b<\/h1>\t\t\t\t<\/div>\n\t\t\t\t<\/div>\n\t\t\t\t\t<\/div>\n\t\t<\/div>\n\t\t\t\t\t<\/div>\n\t\t<\/section>\n\t\t\t\t<section class=\"elementor-section elementor-top-section elementor-element elementor-element-bd7fd5d elementor-section-stretched elementor-section-content-middle elementor-section-boxed elementor-section-height-default elementor-section-height-default\" data-id=\"bd7fd5d\" data-element_type=\"section\" data-settings=\"{&quot;stretch_section&quot;:&quot;section-stretched&quot;}\">\n\t\t\t\t\t\t<div class=\"elementor-container elementor-column-gap-default\">\n\t\t\t\t\t<div class=\"elementor-column elementor-col-100 elementor-top-column elementor-element elementor-element-5fd9a33\" data-id=\"5fd9a33\" data-element_type=\"column\">\n\t\t\t<div class=\"elementor-widget-wrap elementor-element-populated\">\n\t\t\t\t\t\t<div class=\"elementor-element elementor-element-5c69f54 elementor-widget elementor-widget-text-editor\" data-id=\"5c69f54\" data-element_type=\"widget\" data-widget_type=\"text-editor.default\">\n\t\t\t\t<div class=\"elementor-widget-container\">\n\t\t\t\t\t\t\t\t\t\n    <p>A busca por pr\u00e1ticas sustent\u00e1veis tem se tornado uma prioridade em diversos setores da economia, e em especial para a minera\u00e7\u00e3o, que enfrenta o desafio de equilibrar seus impactos com o desenvolvimento sustent\u00e1vel.<\/p>\n    \n    <p>A Sandra Minera\u00e7\u00e3o tem diversas iniciativas que reduzem os seus impactos ambientais e sociais, garantindo uma gest\u00e3o eficiente dos recursos naturais.<\/p>\n    \n    <p>A empresa mant\u00e9m um trabalho cont\u00ednuo com foco na mitiga\u00e7\u00e3o e controle dos seus potenciais impactos, monitoramento e, quando exigido, atrav\u00e9s da compensa\u00e7\u00e3o conforme rege a legisla\u00e7\u00e3o.<\/p>\n    \n    <p>Os principais programas de gest\u00e3o socioambiental implementados na Mina Limeira s\u00e3o:<\/p>\n    \n    <ul>\n        <li>Programa de Resgate de Flora;<\/li>\n        <li>Programa de Afugentamento e Resgate de Fauna;<\/li>\n        <li>Programa de Controle de Processos Erosivos;<\/li>\n        <li>Programa de Monitoramento de Fauna;<\/li>\n        <li>Programa de Monitoramento das \u00c1guas Subterr\u00e2neas;<\/li>\n        <li>Programa e Medidas de Mitiga\u00e7\u00e3o, Controle e Monitoramento das Emiss\u00f5es Atmosf\u00e9ricas e Qualidade do Ar;<\/li>\n        <li>Programa e Medidas de Mitiga\u00e7\u00e3o, Controle e Monitoramento dos Efluentes L\u00edquidos e Qualidade das \u00c1guas Superficiais;<\/li>\n        <li>Programa de Monitoramento das \u00c1guas Subterr\u00e2neas;<\/li>\n        <li>Programas e Medidas de Mitiga\u00e7\u00e3o e Controle de Impactos nas Cavidades Subterr\u00e2neas;<\/li>\n        <li>Programa de Monitoramento de Vibra\u00e7\u00f5es;<\/li>\n        <li>Programa de Monitoramento de Ru\u00eddos;<\/li>\n        <li>Gerenciamento de Res\u00edduos S\u00f3lidos;<\/li>\n        <li>Projeto de Recupera\u00e7\u00e3o de \u00c1reas Degradadas &#8211; PRADA;<\/li>\n        <li>Projeto T\u00e9cnico de Reconstitui\u00e7\u00e3o da Flora &#8211; PTRF;<\/li>\n        <li>Programa de Comunica\u00e7\u00e3o Social \u2013 PCS;<\/li>\n        <li>Programa de Educa\u00e7\u00e3o Ambiental &#8211; PEA.<\/li>\n    <\/ul>\t\t\t\t\t\t\t\t<\/div>\n\t\t\t\t<\/div>\n\t\t\t\t\t<\/div>\n\t\t<\/div>\n\t\t\t\t\t<\/div>\n\t\t<\/section>\n\t\t\t\t<\/div>","protected":false},"excerpt":{"rendered":"<p>Responsabilidade Socioambiental\u200b A busca por pr\u00e1ticas sustent\u00e1veis tem se tornado uma prioridade em diversos setores da economia, e em especial para a minera\u00e7\u00e3o, que enfrenta&hellip;<\/p>","protected":false},"author":2,"featured_media":0,"parent":0,"menu_order":0,"comment_status":"closed","ping_status":"closed","template":"","meta":{"footnotes":""},"class_list":["post-1144","page","type-page","status-publish","hentry"],"yoast_head":"<!-- This site is optimized with the Yoast SEO plugin v24.8.1 - https:\/\/yoast.com\/wordpress\/plugins\/seo\/ -->\n<title>Social e Ambiental - Sandra<\/title>\n<meta name=\"robots\" content=\"index, follow, max-snippet:-1, max-image-preview:large, max-video-preview:-1\" \/>\n<link rel=\"canonical\" href=\"https:\/\/novo.sandramineracao.com.br\/en\/social-ambiental\/\" \/>\n<meta property=\"og:locale\" content=\"en_US\" \/>\n<meta property=\"og:type\" content=\"article\" \/>\n<meta property=\"og:title\" content=\"Social e Ambiental - Sandra\" \/>\n<meta property=\"og:description\" content=\"Responsabilidade Socioambiental\u200b A busca por pr\u00e1ticas sustent\u00e1veis tem se tornado uma prioridade em diversos setores da economia, e em especial para a minera\u00e7\u00e3o, que enfrenta&hellip;\" \/>\n<meta property=\"og:url\" content=\"https:\/\/novo.sandramineracao.com.br\/en\/social-ambiental\/\" \/>\n<meta property=\"og:site_name\" content=\"Sandra\" \/>\n<meta property=\"article:publisher\" content=\"https:\/\/www.facebook.com\/cimentotupi.sa\" \/>\n<meta property=\"article:modified_time\" content=\"2025-02-06T16:52:03+00:00\" \/>\n<meta name=\"twitter:card\" content=\"summary_large_image\" \/>\n<meta name=\"twitter:label1\" content=\"Est. reading time\" \/>\n\t<meta name=\"twitter:data1\" content=\"2 minutes\" \/>\n<script type=\"application\/ld+json\" class=\"yoast-schema-graph\">{\"@context\":\"https:\/\/schema.org\",\"@graph\":[{\"@type\":\"WebPage\",\"@id\":\"https:\/\/novo.sandramineracao.com.br\/social-ambiental\/\",\"url\":\"https:\/\/novo.sandramineracao.com.br\/social-ambiental\/\",\"name\":\"Social e Ambiental - Sandra\",\"isPartOf\":{\"@id\":\"https:\/\/novo.sandramineracao.com.br\/#website\"},\"datePublished\":\"2022-11-14T19:16:02+00:00\",\"dateModified\":\"2025-02-06T16:52:03+00:00\",\"breadcrumb\":{\"@id\":\"https:\/\/novo.sandramineracao.com.br\/social-ambiental\/#breadcrumb\"},\"inLanguage\":\"en-US\",\"potentialAction\":[{\"@type\":\"ReadAction\",\"target\":[\"https:\/\/novo.sandramineracao.com.br\/social-ambiental\/\"]}]},{\"@type\":\"BreadcrumbList\",\"@id\":\"https:\/\/novo.sandramineracao.com.br\/social-ambiental\/#breadcrumb\",\"itemListElement\":[{\"@type\":\"ListItem\",\"position\":1,\"name\":\"In\u00edcio\",\"item\":\"https:\/\/novo.sandramineracao.com.br\/\"},{\"@type\":\"ListItem\",\"position\":2,\"name\":\"Social e Ambiental\"}]},{\"@type\":\"WebSite\",\"@id\":\"https:\/\/novo.sandramineracao.com.br\/#website\",\"url\":\"https:\/\/novo.sandramineracao.com.br\/\",\"name\":\"Sandra\",\"description\":\"Minera\u00e7\u00e3o com Qualidade\",\"publisher\":{\"@id\":\"https:\/\/novo.sandramineracao.com.br\/#organization\"},\"potentialAction\":[{\"@type\":\"SearchAction\",\"target\":{\"@type\":\"EntryPoint\",\"urlTemplate\":\"https:\/\/novo.sandramineracao.com.br\/?s={search_term_string}\"},\"query-input\":{\"@type\":\"PropertyValueSpecification\",\"valueRequired\":true,\"valueName\":\"search_term_string\"}}],\"inLanguage\":\"en-US\"},{\"@type\":\"Organization\",\"@id\":\"https:\/\/novo.sandramineracao.com.br\/#organization\",\"name\":\"Sandra\",\"url\":\"https:\/\/novo.sandramineracao.com.br\/\",\"logo\":{\"@type\":\"ImageObject\",\"inLanguage\":\"en-US\",\"@id\":\"https:\/\/novo.sandramineracao.com.br\/#\/schema\/logo\/image\/\",\"url\":\"https:\/\/novo.sandramineracao.com.br\/wp-content\/uploads\/2025\/02\/Logos_01-Logo-horizontal-Cores-oficiais.png\",\"contentUrl\":\"https:\/\/novo.sandramineracao.com.br\/wp-content\/uploads\/2025\/02\/Logos_01-Logo-horizontal-Cores-oficiais.png\",\"width\":2888,\"height\":998,\"caption\":\"Sandra\"},\"image\":{\"@id\":\"https:\/\/novo.sandramineracao.com.br\/#\/schema\/logo\/image\/\"},\"sameAs\":[\"https:\/\/www.facebook.com\/cimentotupi.sa\"]}]}<\/script>\n<!-- \/ Yoast SEO plugin. -->","yoast_head_json":{"title":"Social e Ambiental - Sandra","robots":{"index":"index","follow":"follow","max-snippet":"max-snippet:-1","max-image-preview":"max-image-preview:large","max-video-preview":"max-video-preview:-1"},"canonical":"https:\/\/novo.sandramineracao.com.br\/en\/social-ambiental\/","og_locale":"en_US","og_type":"article","og_title":"Social e Ambiental - Sandra","og_description":"Responsabilidade Socioambiental\u200b A busca por pr\u00e1ticas sustent\u00e1veis tem se tornado uma prioridade em diversos setores da economia, e em especial para a minera\u00e7\u00e3o, que enfrenta&hellip;","og_url":"https:\/\/novo.sandramineracao.com.br\/en\/social-ambiental\/","og_site_name":"Sandra","article_publisher":"https:\/\/www.facebook.com\/cimentotupi.sa","article_modified_time":"2025-02-06T16:52:03+00:00","twitter_card":"summary_large_image","twitter_misc":{"Est. reading time":"2 minutes"},"schema":{"@context":"https:\/\/schema.org","@graph":[{"@type":"WebPage","@id":"https:\/\/novo.sandramineracao.com.br\/social-ambiental\/","url":"https:\/\/novo.sandramineracao.com.br\/social-ambiental\/","name":"Social e Ambiental - Sandra","isPartOf":{"@id":"https:\/\/novo.sandramineracao.com.br\/#website"},"datePublished":"2022-11-14T19:16:02+00:00","dateModified":"2025-02-06T16:52:03+00:00","breadcrumb":{"@id":"https:\/\/novo.sandramineracao.com.br\/social-ambiental\/#breadcrumb"},"inLanguage":"en-US","potentialAction":[{"@type":"ReadAction","target":["https:\/\/novo.sandramineracao.com.br\/social-ambiental\/"]}]},{"@type":"BreadcrumbList","@id":"https:\/\/novo.sandramineracao.com.br\/social-ambiental\/#breadcrumb","itemListElement":[{"@type":"ListItem","position":1,"name":"In\u00edcio","item":"https:\/\/novo.sandramineracao.com.br\/"},{"@type":"ListItem","position":2,"name":"Social e Ambiental"}]},{"@type":"WebSite","@id":"https:\/\/novo.sandramineracao.com.br\/#website","url":"https:\/\/novo.sandramineracao.com.br\/","name":"Sandra","description":"Minera\u00e7\u00e3o com Qualidade","publisher":{"@id":"https:\/\/novo.sandramineracao.com.br\/#organization"},"potentialAction":[{"@type":"SearchAction","target":{"@type":"EntryPoint","urlTemplate":"https:\/\/novo.sandramineracao.com.br\/?s={search_term_string}"},"query-input":{"@type":"PropertyValueSpecification","valueRequired":true,"valueName":"search_term_string"}}],"inLanguage":"en-US"},{"@type":"Organization","@id":"https:\/\/novo.sandramineracao.com.br\/#organization","name":"Sandra","url":"https:\/\/novo.sandramineracao.com.br\/","logo":{"@type":"ImageObject","inLanguage":"en-US","@id":"https:\/\/novo.sandramineracao.com.br\/#\/schema\/logo\/image\/","url":"https:\/\/novo.sandramineracao.com.br\/wp-content\/uploads\/2025\/02\/Logos_01-Logo-horizontal-Cores-oficiais.png","contentUrl":"https:\/\/novo.sandramineracao.com.br\/wp-content\/uploads\/2025\/02\/Logos_01-Logo-horizontal-Cores-oficiais.png","width":2888,"height":998,"caption":"Sandra"},"image":{"@id":"https:\/\/novo.sandramineracao.com.br\/#\/schema\/logo\/image\/"},"sameAs":["https:\/\/www.facebook.com\/cimentotupi.sa"]}]}},"_links":{"self":[{"href":"https:\/\/novo.sandramineracao.com.br\/en\/wp-json\/wp\/v2\/pages\/1144","targetHints":{"allow":["GET"]}}],"collection":[{"href":"https:\/\/novo.sandramineracao.com.br\/en\/wp-json\/wp\/v2\/pages"}],"about":[{"href":"https:\/\/novo.sandramineracao.com.br\/en\/wp-json\/wp\/v2\/types\/page"}],"author":[{"embeddable":true,"href":"https:\/\/novo.sandramineracao.com.br\/en\/wp-json\/wp\/v2\/users\/2"}],"replies":[{"embeddable":true,"href":"https:\/\/novo.sandramineracao.com.br\/en\/wp-json\/wp\/v2\/comments?post=1144"}],"version-history":[{"count":0,"href":"https:\/\/novo.sandramineracao.com.br\/en\/wp-json\/wp\/v2\/pages\/1144\/revisions"}],"wp:attachment":[{"href":"https:\/\/novo.sandramineracao.com.br\/en\/wp-json\/wp\/v2\/media?parent=1144"}],"curies":[{"name":"wp","href":"https:\/\/api.w.org\/{rel}","templated":true}]}}